{"id":305,"date":"2024-09-16T21:27:36","date_gmt":"2024-09-16T18:27:36","guid":{"rendered":"https:\/\/www.gulfinternationaltrade.com\/semay\/?page_id=305"},"modified":"2025-07-18T19:38:33","modified_gmt":"2025-07-18T16:38:33","slug":"strickwaren-garn-weben","status":"publish","type":"page","link":"https:\/\/www.semaytextile.com\/de\/strickwaren-garn-weben\/","title":{"rendered":"Garnauswahl"},"content":{"rendered":"\n<style type=\"text\/css\" data-created_by=\"avia_inline_auto\" id=\"style-css-av-wz3kp-2f4fc17cfc362e7f00080803587cc109\">\n.avia-section.av-wz3kp-2f4fc17cfc362e7f00080803587cc109 .av-parallax .av-parallax-inner{\nbackground-repeat:no-repeat;\nbackground-image:url(https:\/\/www.semaytextile.com\/de\/wp-content\/uploads\/arkaplan3.jpg);\nbackground-position:50% 50%;\nbackground-attachment:scroll;\n}\n<\/style>\n<div id='av_section_1'  class='avia-section av-wz3kp-2f4fc17cfc362e7f00080803587cc109 main_color avia-section-default avia-no-border-styling  avia-builder-el-0  el_before_av_section  avia-builder-el-first  avia-full-stretch av-parallax-section avia-bg-style-parallax container_wrap sidebar_right'  data-section-bg-repeat='stretch'><div class='av-parallax' data-avia-parallax-ratio='0.3' ><div class='av-parallax-inner main_color avia-full-stretch'><\/div><\/div><div class='container av-section-cont-open' ><main  role=\"main\" itemprop=\"mainContentOfPage\"  class='template-page content  av-content-small alpha units'><div class='post-entry post-entry-type-page post-entry-305'><div class='entry-content-wrapper clearfix'>\n\n<style type=\"text\/css\" data-created_by=\"avia_inline_auto\" id=\"style-css-av-m15c6elk-1189ced3fad6b5e376f9908e72aa806f\">\n#top .av-special-heading.av-m15c6elk-1189ced3fad6b5e376f9908e72aa806f{\npadding-bottom:10px;\ncolor:#ffffff;\nfont-size:40px;\n}\nbody .av-special-heading.av-m15c6elk-1189ced3fad6b5e376f9908e72aa806f .av-special-heading-tag .heading-char{\nfont-size:25px;\n}\n#top #wrap_all .av-special-heading.av-m15c6elk-1189ced3fad6b5e376f9908e72aa806f .av-special-heading-tag{\nfont-size:40px;\n}\n.av-special-heading.av-m15c6elk-1189ced3fad6b5e376f9908e72aa806f .special-heading-inner-border{\nborder-color:#ffffff;\n}\n.av-special-heading.av-m15c6elk-1189ced3fad6b5e376f9908e72aa806f .av-subheading{\nfont-size:15px;\n}\n\n@media only screen and (min-width: 480px) and (max-width: 767px){ \n#top #wrap_all .av-special-heading.av-m15c6elk-1189ced3fad6b5e376f9908e72aa806f .av-special-heading-tag{\nfont-size:0.8em;\n}\n}\n\n@media only screen and (max-width: 479px){ \n#top #wrap_all .av-special-heading.av-m15c6elk-1189ced3fad6b5e376f9908e72aa806f .av-special-heading-tag{\nfont-size:0.8em;\n}\n}\n<\/style>\n<div  class='av-special-heading av-m15c6elk-1189ced3fad6b5e376f9908e72aa806f av-special-heading-h3 custom-color-heading blockquote modern-quote modern-centered  avia-builder-el-1  avia-builder-el-no-sibling  av-inherit-size'><h3 class='av-special-heading-tag '  itemprop=\"headline\"  >STRICKGARNAUSWAHL<\/h3><div class=\"special-heading-border\"><div class=\"special-heading-inner-border\"><\/div><\/div><\/div>\n<\/div><\/div><\/main><!-- close content main element --><\/div><\/div><div id='av_section_2'  class='avia-section av-qfp1d-d2935081295e3af913ae07b074f182e9 main_color avia-section-default avia-no-border-styling  avia-builder-el-2  el_after_av_section  avia-builder-el-last  avia-bg-style-scroll container_wrap sidebar_right'  ><div class='container av-section-cont-open' ><div class='template-page content  av-content-small alpha units'><div class='post-entry post-entry-type-page post-entry-305'><div class='entry-content-wrapper clearfix'>\n\n<style type=\"text\/css\" data-created_by=\"avia_inline_auto\" id=\"style-css-av-m15c6iua-165c8c95ba71bbe1c4097271183da6bc\">\n#top .av-special-heading.av-m15c6iua-165c8c95ba71bbe1c4097271183da6bc{\npadding-bottom:10px;\nfont-size:40px;\n}\nbody .av-special-heading.av-m15c6iua-165c8c95ba71bbe1c4097271183da6bc .av-special-heading-tag .heading-char{\nfont-size:25px;\n}\n#top #wrap_all .av-special-heading.av-m15c6iua-165c8c95ba71bbe1c4097271183da6bc .av-special-heading-tag{\nfont-size:40px;\n}\n.av-special-heading.av-m15c6iua-165c8c95ba71bbe1c4097271183da6bc .av-subheading{\nfont-size:15px;\n}\n\n@media only screen and (min-width: 480px) and (max-width: 767px){ \n#top #wrap_all .av-special-heading.av-m15c6iua-165c8c95ba71bbe1c4097271183da6bc .av-special-heading-tag{\nfont-size:0.8em;\n}\n}\n\n@media only screen and (max-width: 479px){ \n#top #wrap_all .av-special-heading.av-m15c6iua-165c8c95ba71bbe1c4097271183da6bc .av-special-heading-tag{\nfont-size:0.8em;\n}\n}\n<\/style>\n<div  class='av-special-heading av-m15c6iua-165c8c95ba71bbe1c4097271183da6bc av-special-heading-h3 blockquote modern-quote  avia-builder-el-3  el_before_av_hr  avia-builder-el-first  av-inherit-size'><h3 class='av-special-heading-tag '  itemprop=\"headline\"  >Garnauswahl<\/h3><div class=\"special-heading-border\"><div class=\"special-heading-inner-border\"><\/div><\/div><\/div>\n\n<style type=\"text\/css\" data-created_by=\"avia_inline_auto\" id=\"style-css-av-jjvqp-ba39821dfc3a98ae4e733642d8270d6a\">\n#top .hr.hr-invisible.av-jjvqp-ba39821dfc3a98ae4e733642d8270d6a{\nheight:30px;\n}\n<\/style>\n<div  class='hr av-jjvqp-ba39821dfc3a98ae4e733642d8270d6a hr-invisible  avia-builder-el-4  el_after_av_heading  el_before_av_two_fifth '><span class='hr-inner '><span class=\"hr-inner-style\"><\/span><\/span><\/div>\n<div  class='flex_column av-1ra0h-6f5c79b0bcf6c4974afe006cf2fd1d21 av_two_fifth  avia-builder-el-5  el_after_av_hr  el_before_av_three_fifth  first flex_column_div  '     ><style type=\"text\/css\" data-created_by=\"avia_inline_auto\" id=\"style-css-av-m15c6qc9-346eb55f7e0cad888200b972b51d72d2\">\n.avia-image-container.av-m15c6qc9-346eb55f7e0cad888200b972b51d72d2 img.avia_image{\nbox-shadow:none;\n}\n.avia-image-container.av-m15c6qc9-346eb55f7e0cad888200b972b51d72d2 .av-image-caption-overlay-center{\ncolor:#ffffff;\n}\n<\/style>\n<div  class='avia-image-container av-m15c6qc9-346eb55f7e0cad888200b972b51d72d2 av-styling- av-img-linked avia-align-center  avia-builder-el-6  avia-builder-el-no-sibling '   itemprop=\"image\" itemscope=\"itemscope\" itemtype=\"https:\/\/schema.org\/ImageObject\" ><div class=\"avia-image-container-inner\"><div class=\"avia-image-overlay-wrap\"><a href=\"https:\/\/www.semaytextile.com\/de\/wp-content\/uploads\/iplik-dokuma.jpg\" data-srcset=\"https:\/\/www.semaytextile.com\/de\/wp-content\/uploads\/iplik-dokuma.jpg 800w, https:\/\/www.semaytextile.com\/de\/wp-content\/uploads\/iplik-dokuma-400x300.jpg 400w, https:\/\/www.semaytextile.com\/de\/wp-content\/uploads\/iplik-dokuma-768x576.jpg 768w, https:\/\/www.semaytextile.com\/de\/wp-content\/uploads\/iplik-dokuma-705x529.jpg 705w\" data-sizes=\"(max-width: 800px) 100vw, 800px\" class='avia_image '  aria-label='Garnweben, Semay-Textilgarnweben, Pullover, Strickjacke, Bluse, Weste, Pullover, Strumpfhose, Handschuhe, Baskenm\u00fctze, Schal, Schal, Socken, Jacke,'><img decoding=\"async\" fetchpriority=\"high\" class='wp-image-253 avia-img-lazy-loading-not-253 avia_image ' src=\"https:\/\/www.semaytextile.com\/de\/wp-content\/uploads\/iplik-dokuma.jpg\" alt='Garnweben, Semay-Textilgarnweben, Pullover, Strickjacke, Bluse, Weste, Pullover, Strumpfhose, Handschuhe, Baskenm\u00fctze, Schal, Schal, Socken, Jacke,' title='Garnweben, Semay-Textilgarnweben, Pullover, Strickjacke, Bluse, Weste, Pullover, Strumpfhose, Handschuhe, Baskenm\u00fctze, Schal, Schal, Socken, Jacke,'  height=\"600\" width=\"800\"  itemprop=\"thumbnailUrl\" srcset=\"https:\/\/www.semaytextile.com\/de\/wp-content\/uploads\/iplik-dokuma.jpg 800w, https:\/\/www.semaytextile.com\/de\/wp-content\/uploads\/iplik-dokuma-400x300.jpg 400w, https:\/\/www.semaytextile.com\/de\/wp-content\/uploads\/iplik-dokuma-768x576.jpg 768w, https:\/\/www.semaytextile.com\/de\/wp-content\/uploads\/iplik-dokuma-705x529.jpg 705w\" sizes=\"(max-width: 800px) 100vw, 800px\" \/><\/a><\/div><\/div><\/div><\/div><div  class='flex_column av-7npe1-8cc50fbf5e61a2ee92bf5da47cc31d2a av_three_fifth  avia-builder-el-7  el_after_av_two_fifth  avia-builder-el-last  flex_column_div  '     ><style type=\"text\/css\" data-created_by=\"avia_inline_auto\" id=\"style-css-av-m15c6sw6-49cce0ed56b67c720837c6b2d119150b\">\n#top .av_textblock_section.av-m15c6sw6-49cce0ed56b67c720837c6b2d119150b .avia_textblock{\nfont-size:15px;\ncolor:#000000;\n}\n<\/style>\n<section  class='av_textblock_section av-m15c6sw6-49cce0ed56b67c720837c6b2d119150b '   itemscope=\"itemscope\" itemtype=\"https:\/\/schema.org\/CreativeWork\" ><div class='avia_textblock av_inherit_color'  itemprop=\"text\" ><p>Die Wahl des Garns ist ein \u00e4u\u00dferst sensibler und entscheidender Aspekt der Strickwarenproduktion. Garn beeinflusst direkt die Qualit\u00e4t der Strickwaren, einschlie\u00dflich Textur, Weichheit, Griff und anderer Schl\u00fcsseleigenschaften des Endprodukts.<\/p>\n<p>Bei Semay Textil verwenden wir Garne h\u00f6chster Qualit\u00e4t, sowohl importierte als auch einheimische. Wir arbeiten mit Naturfasergarnen und verarbeiten sie nach den gew\u00fcnschten Qualit\u00e4tsstandards zu Endprodukten.<\/p>\n<p>Bei der Garnwahl ber\u00fccksichtigen wir sorgf\u00e4ltig die jeweilige Saison, die geforderte Produktqualit\u00e4t und die spezifischen W\u00fcnsche unserer Kunden, um die geeignetsten Materialien f\u00fcr die Produktion bereitzustellen.<\/p>\n<\/div><\/section><\/div><\/div><\/div><\/div><!-- close content main div --><\/div><\/div><div id='after_section_2'  class='main_color av_default_container_wrap container_wrap sidebar_right'  ><div class='container av-section-cont-open' ><div class='template-page content  av-content-small alpha units'><div class='post-entry post-entry-type-page post-entry-305'><div class='entry-content-wrapper clearfix'><\/p>\n","protected":false},"excerpt":{"rendered":"","protected":false},"author":1,"featured_media":253,"parent":0,"menu_order":0,"comment_status":"closed","ping_status":"closed","template":"","meta":{"footnotes":""},"tags":[395,396,322,252,253,295,297],"class_list":["post-305","page","type-page","status-publish","has-post-thumbnail","hentry","tag-garnweberei","tag-strickwarengarn","tag-strickwarenhersteller","tag-strickwarenherstellung","tag-strickwarenproduktion","tag-strickwarenstricken","tag-strickwarenweberei"],"yoast_head":"<!-- This site is optimized with the Yoast SEO plugin v23.4 - https:\/\/yoast.com\/wordpress\/plugins\/seo\/ -->\n<title>Garnauswahl - Semay Tekstil Triko<\/title>\n<meta name=\"description\" content=\"Als Semay Tekstil stellen wir unsere Stoffe aus Strickgarn her, schneiden sie entsprechend ihren Mustern zu und kombinieren sie. Strickwarenherstellung\" \/>\n<meta name=\"robots\" content=\"index, follow, max-snippet:-1, max-image-preview:large, max-video-preview:-1\" \/>\n<link rel=\"canonical\" href=\"https:\/\/www.semaytextile.com\/de\/strickwaren-garn-weben\/\" \/>\n<meta property=\"og:locale\" content=\"tr_TR\" \/>\n<meta property=\"og:type\" content=\"article\" \/>\n<meta property=\"og:title\" content=\"Garnauswahl - Semay Tekstil Triko\" \/>\n<meta property=\"og:description\" content=\"Als Semay Tekstil stellen wir unsere Stoffe aus Strickgarn her, schneiden sie entsprechend ihren Mustern zu und kombinieren sie. Strickwarenherstellung\" \/>\n<meta property=\"og:url\" content=\"https:\/\/www.semaytextile.com\/de\/strickwaren-garn-weben\/\" \/>\n<meta property=\"og:site_name\" content=\"Semay Tekstil Triko\" \/>\n<meta property=\"article:modified_time\" content=\"2025-07-18T16:38:33+00:00\" \/>\n<meta property=\"og:image\" content=\"https:\/\/www.semaytextile.com\/de\/wp-content\/uploads\/iplik-dokuma.jpg\" \/>\n\t<meta property=\"og:image:width\" content=\"800\" \/>\n\t<meta property=\"og:image:height\" content=\"600\" \/>\n\t<meta property=\"og:image:type\" content=\"image\/jpeg\" \/>\n<meta name=\"twitter:card\" content=\"summary_large_image\" \/>\n<meta name=\"twitter:label1\" content=\"Tahmini okuma s\u00fcresi\" \/>\n\t<meta name=\"twitter:data1\" content=\"1 dakika\" \/>\n<script type=\"application\/ld+json\" class=\"yoast-schema-graph\">{\"@context\":\"https:\/\/schema.org\",\"@graph\":[{\"@type\":\"WebPage\",\"@id\":\"https:\/\/www.semaytextile.com\/de\/strickwaren-garn-weben\/\",\"url\":\"https:\/\/www.semaytextile.com\/de\/strickwaren-garn-weben\/\",\"name\":\"Garnauswahl - Semay Tekstil Triko\",\"isPartOf\":{\"@id\":\"https:\/\/www.semaytextile.com\/de\/#website\"},\"primaryImageOfPage\":{\"@id\":\"https:\/\/www.semaytextile.com\/de\/strickwaren-garn-weben\/#primaryimage\"},\"image\":{\"@id\":\"https:\/\/www.semaytextile.com\/de\/strickwaren-garn-weben\/#primaryimage\"},\"thumbnailUrl\":\"https:\/\/www.semaytextile.com\/de\/wp-content\/uploads\/iplik-dokuma.jpg\",\"datePublished\":\"2024-09-16T18:27:36+00:00\",\"dateModified\":\"2025-07-18T16:38:33+00:00\",\"description\":\"Als Semay Tekstil stellen wir unsere Stoffe aus Strickgarn her, schneiden sie entsprechend ihren Mustern zu und kombinieren sie. Strickwarenherstellung\",\"breadcrumb\":{\"@id\":\"https:\/\/www.semaytextile.com\/de\/strickwaren-garn-weben\/#breadcrumb\"},\"inLanguage\":\"tr\",\"potentialAction\":[{\"@type\":\"ReadAction\",\"target\":[\"https:\/\/www.semaytextile.com\/de\/strickwaren-garn-weben\/\"]}]},{\"@type\":\"ImageObject\",\"inLanguage\":\"tr\",\"@id\":\"https:\/\/www.semaytextile.com\/de\/strickwaren-garn-weben\/#primaryimage\",\"url\":\"https:\/\/www.semaytextile.com\/de\/wp-content\/uploads\/iplik-dokuma.jpg\",\"contentUrl\":\"https:\/\/www.semaytextile.com\/de\/wp-content\/uploads\/iplik-dokuma.jpg\",\"width\":800,\"height\":600,\"caption\":\"Garnweben, Semay-Textilgarnweben, Pullover, Strickjacke, Bluse, Weste, Pullover, Strumpfhose, Handschuhe, Baskenm\u00fctze, Schal, Schal, Socken, Jacke,\"},{\"@type\":\"BreadcrumbList\",\"@id\":\"https:\/\/www.semaytextile.com\/de\/strickwaren-garn-weben\/#breadcrumb\",\"itemListElement\":[{\"@type\":\"ListItem\",\"position\":1,\"name\":\"Anasayfa\",\"item\":\"https:\/\/www.semaytextile.com\/de\/\"},{\"@type\":\"ListItem\",\"position\":2,\"name\":\"Garnauswahl\"}]},{\"@type\":\"WebSite\",\"@id\":\"https:\/\/www.semaytextile.com\/de\/#website\",\"url\":\"https:\/\/www.semaytextile.com\/de\/\",\"name\":\"Semay Tekstil Triko\",\"description\":\"\",\"potentialAction\":[{\"@type\":\"SearchAction\",\"target\":{\"@type\":\"EntryPoint\",\"urlTemplate\":\"https:\/\/www.semaytextile.com\/de\/?s={search_term_string}\"},\"query-input\":{\"@type\":\"PropertyValueSpecification\",\"valueRequired\":true,\"valueName\":\"search_term_string\"}}],\"inLanguage\":\"tr\"}]}<\/script>\n<!-- \/ Yoast SEO plugin. -->","yoast_head_json":{"title":"Garnauswahl - Semay Tekstil Triko","description":"Als Semay Tekstil stellen wir unsere Stoffe aus Strickgarn her, schneiden sie entsprechend ihren Mustern zu und kombinieren sie. Strickwarenherstellung","robots":{"index":"index","follow":"follow","max-snippet":"max-snippet:-1","max-image-preview":"max-image-preview:large","max-video-preview":"max-video-preview:-1"},"canonical":"https:\/\/www.semaytextile.com\/de\/strickwaren-garn-weben\/","og_locale":"tr_TR","og_type":"article","og_title":"Garnauswahl - Semay Tekstil Triko","og_description":"Als Semay Tekstil stellen wir unsere Stoffe aus Strickgarn her, schneiden sie entsprechend ihren Mustern zu und kombinieren sie. Strickwarenherstellung","og_url":"https:\/\/www.semaytextile.com\/de\/strickwaren-garn-weben\/","og_site_name":"Semay Tekstil Triko","article_modified_time":"2025-07-18T16:38:33+00:00","og_image":[{"width":800,"height":600,"url":"https:\/\/www.semaytextile.com\/de\/wp-content\/uploads\/iplik-dokuma.jpg","type":"image\/jpeg"}],"twitter_card":"summary_large_image","twitter_misc":{"Tahmini okuma s\u00fcresi":"1 dakika"},"schema":{"@context":"https:\/\/schema.org","@graph":[{"@type":"WebPage","@id":"https:\/\/www.semaytextile.com\/de\/strickwaren-garn-weben\/","url":"https:\/\/www.semaytextile.com\/de\/strickwaren-garn-weben\/","name":"Garnauswahl - Semay Tekstil Triko","isPartOf":{"@id":"https:\/\/www.semaytextile.com\/de\/#website"},"primaryImageOfPage":{"@id":"https:\/\/www.semaytextile.com\/de\/strickwaren-garn-weben\/#primaryimage"},"image":{"@id":"https:\/\/www.semaytextile.com\/de\/strickwaren-garn-weben\/#primaryimage"},"thumbnailUrl":"https:\/\/www.semaytextile.com\/de\/wp-content\/uploads\/iplik-dokuma.jpg","datePublished":"2024-09-16T18:27:36+00:00","dateModified":"2025-07-18T16:38:33+00:00","description":"Als Semay Tekstil stellen wir unsere Stoffe aus Strickgarn her, schneiden sie entsprechend ihren Mustern zu und kombinieren sie. Strickwarenherstellung","breadcrumb":{"@id":"https:\/\/www.semaytextile.com\/de\/strickwaren-garn-weben\/#breadcrumb"},"inLanguage":"tr","potentialAction":[{"@type":"ReadAction","target":["https:\/\/www.semaytextile.com\/de\/strickwaren-garn-weben\/"]}]},{"@type":"ImageObject","inLanguage":"tr","@id":"https:\/\/www.semaytextile.com\/de\/strickwaren-garn-weben\/#primaryimage","url":"https:\/\/www.semaytextile.com\/de\/wp-content\/uploads\/iplik-dokuma.jpg","contentUrl":"https:\/\/www.semaytextile.com\/de\/wp-content\/uploads\/iplik-dokuma.jpg","width":800,"height":600,"caption":"Garnweben, Semay-Textilgarnweben, Pullover, Strickjacke, Bluse, Weste, Pullover, Strumpfhose, Handschuhe, Baskenm\u00fctze, Schal, Schal, Socken, Jacke,"},{"@type":"BreadcrumbList","@id":"https:\/\/www.semaytextile.com\/de\/strickwaren-garn-weben\/#breadcrumb","itemListElement":[{"@type":"ListItem","position":1,"name":"Anasayfa","item":"https:\/\/www.semaytextile.com\/de\/"},{"@type":"ListItem","position":2,"name":"Garnauswahl"}]},{"@type":"WebSite","@id":"https:\/\/www.semaytextile.com\/de\/#website","url":"https:\/\/www.semaytextile.com\/de\/","name":"Semay Tekstil Triko","description":"","potentialAction":[{"@type":"SearchAction","target":{"@type":"EntryPoint","urlTemplate":"https:\/\/www.semaytextile.com\/de\/?s={search_term_string}"},"query-input":{"@type":"PropertyValueSpecification","valueRequired":true,"valueName":"search_term_string"}}],"inLanguage":"tr"}]}},"_links":{"self":[{"href":"https:\/\/www.semaytextile.com\/de\/wp-json\/wp\/v2\/pages\/305","targetHints":{"allow":["GET"]}}],"collection":[{"href":"https:\/\/www.semaytextile.com\/de\/wp-json\/wp\/v2\/pages"}],"about":[{"href":"https:\/\/www.semaytextile.com\/de\/wp-json\/wp\/v2\/types\/page"}],"author":[{"embeddable":true,"href":"https:\/\/www.semaytextile.com\/de\/wp-json\/wp\/v2\/users\/1"}],"replies":[{"embeddable":true,"href":"https:\/\/www.semaytextile.com\/de\/wp-json\/wp\/v2\/comments?post=305"}],"version-history":[{"count":6,"href":"https:\/\/www.semaytextile.com\/de\/wp-json\/wp\/v2\/pages\/305\/revisions"}],"predecessor-version":[{"id":738,"href":"https:\/\/www.semaytextile.com\/de\/wp-json\/wp\/v2\/pages\/305\/revisions\/738"}],"wp:featuredmedia":[{"embeddable":true,"href":"https:\/\/www.semaytextile.com\/de\/wp-json\/wp\/v2\/media\/253"}],"wp:attachment":[{"href":"https:\/\/www.semaytextile.com\/de\/wp-json\/wp\/v2\/media?parent=305"}],"wp:term":[{"taxonomy":"post_tag","embeddable":true,"href":"https:\/\/www.semaytextile.com\/de\/wp-json\/wp\/v2\/tags?post=305"}],"curies":[{"name":"wp","href":"https:\/\/api.w.org\/{rel}","templated":true}]}}