{"id":307,"date":"2024-09-16T21:28:56","date_gmt":"2024-09-16T18:28:56","guid":{"rendered":"https:\/\/www.gulfinternationaltrade.com\/semay\/?page_id=307"},"modified":"2025-07-18T19:47:00","modified_gmt":"2025-07-18T16:47:00","slug":"konfektionierung","status":"publish","type":"page","link":"https:\/\/www.semaytextile.com\/de\/konfektionierung\/","title":{"rendered":"Konfektionierung"},"content":{"rendered":"\n<style type=\"text\/css\" data-created_by=\"avia_inline_auto\" id=\"style-css-av-x3at7-27cfed0f1ed72ed7591200639aec263b\">\n.avia-section.av-x3at7-27cfed0f1ed72ed7591200639aec263b .av-parallax .av-parallax-inner{\nbackground-repeat:no-repeat;\nbackground-image:url(https:\/\/www.semaytextile.com\/de\/wp-content\/uploads\/arkaplan3.jpg);\nbackground-position:50% 50%;\nbackground-attachment:scroll;\n}\n<\/style>\n<div id='av_section_1'  class='avia-section av-x3at7-27cfed0f1ed72ed7591200639aec263b main_color avia-section-default avia-no-border-styling  avia-builder-el-0  el_before_av_section  avia-builder-el-first  avia-full-stretch av-parallax-section avia-bg-style-parallax container_wrap sidebar_right'  data-section-bg-repeat='stretch'><div class='av-parallax' data-avia-parallax-ratio='0.3' ><div class='av-parallax-inner main_color avia-full-stretch'><\/div><\/div><div class='container av-section-cont-open' ><main  role=\"main\" itemprop=\"mainContentOfPage\"  class='template-page content  av-content-small alpha units'><div class='post-entry post-entry-type-page post-entry-307'><div class='entry-content-wrapper clearfix'>\n\n<style type=\"text\/css\" data-created_by=\"avia_inline_auto\" id=\"style-css-av-m15c9zjr-4d83f8820a12754477a8ff9cbe2589f4\">\n#top .av-special-heading.av-m15c9zjr-4d83f8820a12754477a8ff9cbe2589f4{\npadding-bottom:10px;\ncolor:#ffffff;\nfont-size:40px;\n}\nbody .av-special-heading.av-m15c9zjr-4d83f8820a12754477a8ff9cbe2589f4 .av-special-heading-tag .heading-char{\nfont-size:25px;\n}\n#top #wrap_all .av-special-heading.av-m15c9zjr-4d83f8820a12754477a8ff9cbe2589f4 .av-special-heading-tag{\nfont-size:40px;\n}\n.av-special-heading.av-m15c9zjr-4d83f8820a12754477a8ff9cbe2589f4 .special-heading-inner-border{\nborder-color:#ffffff;\n}\n.av-special-heading.av-m15c9zjr-4d83f8820a12754477a8ff9cbe2589f4 .av-subheading{\nfont-size:15px;\n}\n\n@media only screen and (min-width: 480px) and (max-width: 767px){ \n#top #wrap_all .av-special-heading.av-m15c9zjr-4d83f8820a12754477a8ff9cbe2589f4 .av-special-heading-tag{\nfont-size:0.8em;\n}\n}\n\n@media only screen and (max-width: 479px){ \n#top #wrap_all .av-special-heading.av-m15c9zjr-4d83f8820a12754477a8ff9cbe2589f4 .av-special-heading-tag{\nfont-size:0.8em;\n}\n}\n<\/style>\n<div  class='av-special-heading av-m15c9zjr-4d83f8820a12754477a8ff9cbe2589f4 av-special-heading-h3 custom-color-heading blockquote modern-quote modern-centered  avia-builder-el-1  avia-builder-el-no-sibling  av-inherit-size'><h3 class='av-special-heading-tag '  itemprop=\"headline\"  >KONFEKTIONIERUNG<\/h3><div class=\"special-heading-border\"><div class=\"special-heading-inner-border\"><\/div><\/div><\/div>\n<\/div><\/div><\/main><!-- close content main element --><\/div><\/div><div id='av_section_2'  class='avia-section av-rhwt7-e4b94f1697bb7b98be15b661f4ee57c1 main_color avia-section-default avia-no-border-styling  avia-builder-el-2  el_after_av_section  avia-builder-el-last  avia-bg-style-scroll container_wrap sidebar_right'  ><div class='container av-section-cont-open' ><div class='template-page content  av-content-small alpha units'><div class='post-entry post-entry-type-page post-entry-307'><div class='entry-content-wrapper clearfix'>\n\n<style type=\"text\/css\" data-created_by=\"avia_inline_auto\" id=\"style-css-av-m15c97az-dbc8e28a7e33592b9bb46fb8245f752c\">\n#top .av-special-heading.av-m15c97az-dbc8e28a7e33592b9bb46fb8245f752c{\npadding-bottom:10px;\nfont-size:40px;\n}\nbody .av-special-heading.av-m15c97az-dbc8e28a7e33592b9bb46fb8245f752c .av-special-heading-tag .heading-char{\nfont-size:25px;\n}\n#top #wrap_all .av-special-heading.av-m15c97az-dbc8e28a7e33592b9bb46fb8245f752c .av-special-heading-tag{\nfont-size:40px;\n}\n.av-special-heading.av-m15c97az-dbc8e28a7e33592b9bb46fb8245f752c .av-subheading{\nfont-size:15px;\n}\n\n@media only screen and (min-width: 480px) and (max-width: 767px){ \n#top #wrap_all .av-special-heading.av-m15c97az-dbc8e28a7e33592b9bb46fb8245f752c .av-special-heading-tag{\nfont-size:0.8em;\n}\n}\n\n@media only screen and (max-width: 479px){ \n#top #wrap_all .av-special-heading.av-m15c97az-dbc8e28a7e33592b9bb46fb8245f752c .av-special-heading-tag{\nfont-size:0.8em;\n}\n}\n<\/style>\n<div  class='av-special-heading av-m15c97az-dbc8e28a7e33592b9bb46fb8245f752c av-special-heading-h3 blockquote modern-quote  avia-builder-el-3  el_before_av_hr  avia-builder-el-first  av-inherit-size'><h3 class='av-special-heading-tag '  itemprop=\"headline\"  >Konfektionierung<\/h3><div class=\"special-heading-border\"><div class=\"special-heading-inner-border\"><\/div><\/div><\/div>\n\n<style type=\"text\/css\" data-created_by=\"avia_inline_auto\" id=\"style-css-av-mv81f-f50b9c293261df79e0c165f095e69779\">\n#top .hr.hr-invisible.av-mv81f-f50b9c293261df79e0c165f095e69779{\nheight:30px;\n}\n<\/style>\n<div  class='hr av-mv81f-f50b9c293261df79e0c165f095e69779 hr-invisible  avia-builder-el-4  el_after_av_heading  el_before_av_two_fifth '><span class='hr-inner '><span class=\"hr-inner-style\"><\/span><\/span><\/div>\n<div  class='flex_column av-g33gj-7e6a47e7c13a3fe5cd6b8e41095c04b7 av_two_fifth  avia-builder-el-5  el_after_av_hr  el_before_av_three_fifth  first flex_column_div  '     ><style type=\"text\/css\" data-created_by=\"avia_inline_auto\" id=\"style-css-av-m15c9dym-638f353b9c1ba4f67929da6b56c61c84\">\n.avia-image-container.av-m15c9dym-638f353b9c1ba4f67929da6b56c61c84 img.avia_image{\nbox-shadow:none;\n}\n.avia-image-container.av-m15c9dym-638f353b9c1ba4f67929da6b56c61c84 .av-image-caption-overlay-center{\ncolor:#ffffff;\n}\n<\/style>\n<div  class='avia-image-container av-m15c9dym-638f353b9c1ba4f67929da6b56c61c84 av-styling- av-img-linked avia-align-center  avia-builder-el-6  avia-builder-el-no-sibling '   itemprop=\"image\" itemscope=\"itemscope\" itemtype=\"https:\/\/schema.org\/ImageObject\" ><div class=\"avia-image-container-inner\"><div class=\"avia-image-overlay-wrap\"><a href=\"https:\/\/www.semaytextile.com\/de\/wp-content\/uploads\/konfeksiyon2-1.jpg\" data-srcset=\"https:\/\/www.semaytextile.com\/de\/wp-content\/uploads\/konfeksiyon2-1.jpg 800w, https:\/\/www.semaytextile.com\/de\/wp-content\/uploads\/konfeksiyon2-1-400x300.jpg 400w, https:\/\/www.semaytextile.com\/de\/wp-content\/uploads\/konfeksiyon2-1-768x576.jpg 768w, https:\/\/www.semaytextile.com\/de\/wp-content\/uploads\/konfeksiyon2-1-705x529.jpg 705w\" data-sizes=\"(max-width: 800px) 100vw, 800px\" class='avia_image '  aria-label='Semay Textilbekleidung, Semay Textilstrickwarenhersteller, Semay Textilstrickwarenhersteller,'><img decoding=\"async\" fetchpriority=\"high\" class='wp-image-466 avia-img-lazy-loading-not-466 avia_image ' src=\"https:\/\/www.semaytextile.com\/de\/wp-content\/uploads\/konfeksiyon2-1.jpg\" alt='Semay Textilbekleidung, Semay Textilstrickwarenhersteller, Semay Textilstrickwarenhersteller,' title='Semay Textilbekleidung, Semay Textilstrickwarenhersteller, Semay Textilstrickwarenhersteller,'  height=\"600\" width=\"800\"  itemprop=\"thumbnailUrl\" srcset=\"https:\/\/www.semaytextile.com\/de\/wp-content\/uploads\/konfeksiyon2-1.jpg 800w, https:\/\/www.semaytextile.com\/de\/wp-content\/uploads\/konfeksiyon2-1-400x300.jpg 400w, https:\/\/www.semaytextile.com\/de\/wp-content\/uploads\/konfeksiyon2-1-768x576.jpg 768w, https:\/\/www.semaytextile.com\/de\/wp-content\/uploads\/konfeksiyon2-1-705x529.jpg 705w\" sizes=\"(max-width: 800px) 100vw, 800px\" \/><\/a><\/div><\/div><\/div><\/div><div  class='flex_column av-79vpf-3a6396f5c4da0109a24e3ff4e339cc26 av_three_fifth  avia-builder-el-7  el_after_av_two_fifth  avia-builder-el-last  flex_column_div  '     ><style type=\"text\/css\" data-created_by=\"avia_inline_auto\" id=\"style-css-av-m15c9pes-addd10ac2ad224711493438d4ce5ce94\">\n#top .av_textblock_section.av-m15c9pes-addd10ac2ad224711493438d4ce5ce94 .avia_textblock{\nfont-size:15px;\ncolor:#000000;\n}\n<\/style>\n<section  class='av_textblock_section av-m15c9pes-addd10ac2ad224711493438d4ce5ce94 '   itemscope=\"itemscope\" itemtype=\"https:\/\/schema.org\/CreativeWork\" ><div class='avia_textblock av_inherit_color'  itemprop=\"text\" ><p>Die Konfektionierungsphase in der Strickwarenproduktion umfasst das Zuschneiden, Zusammensetzen und N\u00e4hen der Strickstoffteile, um das Endprodukt zu erstellen.<\/p>\n<p>Dies ist eine der wichtigsten Stufen in der Strickwarenproduktion. W\u00e4hrend dieses Prozesses werden die Strickwarenkomponenten entweder nach Schablonen zugeschnitten und geformt oder nahtlos zusammengen\u00e4ht.<\/p>\n<p>Nach Abschluss dieser Schritte werden zus\u00e4tzliche Elemente wie Rei\u00dfverschl\u00fcsse, Kn\u00f6pfe, B\u00e4nder, Maschinenstickereien oder Handstickereien hinzugef\u00fcgt, um das Endprodukt zu veredeln.<\/p>\n<\/div><\/section><\/div><\/div><\/div><\/div><!-- close content main div --><\/div><\/div><div id='after_section_2'  class='main_color av_default_container_wrap container_wrap sidebar_right'  ><div class='container av-section-cont-open' ><div class='template-page content  av-content-small alpha units'><div class='post-entry post-entry-type-page post-entry-307'><div class='entry-content-wrapper clearfix'><\/p>\n","protected":false},"excerpt":{"rendered":"","protected":false},"author":1,"featured_media":466,"parent":0,"menu_order":0,"comment_status":"closed","ping_status":"closed","template":"","meta":{"footnotes":""},"tags":[401,252,406,405,403,404,253,402],"class_list":["post-307","page","type-page","status-publish","has-post-thumbnail","hentry","tag-kleidungsstuck","tag-strickwarenherstellung","tag-strickwarenkleidungsstuck","tag-strickwarenkleidungswerkstatt","tag-strickwarenmontage","tag-strickwarennahen","tag-strickwarenproduktion","tag-strickwarenzuschnitt"],"yoast_head":"<!-- This site is optimized with the Yoast SEO plugin v23.4 - https:\/\/yoast.com\/wordpress\/plugins\/seo\/ -->\n<title>Konfektionierung - Semay Tekstil Triko<\/title>\n<meta name=\"description\" content=\"Als Semay Tekstil schneiden, kombinieren, b\u00fcgeln und verpacken wir die in unserer Strickwarenwerkstatt gewebten Stoffe gem\u00e4\u00df den Designs.\" \/>\n<meta name=\"robots\" content=\"index, follow, max-snippet:-1, max-image-preview:large, max-video-preview:-1\" \/>\n<link rel=\"canonical\" href=\"https:\/\/www.semaytextile.com\/de\/konfektionierung\/\" \/>\n<meta property=\"og:locale\" content=\"tr_TR\" \/>\n<meta property=\"og:type\" content=\"article\" \/>\n<meta property=\"og:title\" content=\"Konfektionierung - Semay Tekstil Triko\" \/>\n<meta property=\"og:description\" content=\"Als Semay Tekstil schneiden, kombinieren, b\u00fcgeln und verpacken wir die in unserer Strickwarenwerkstatt gewebten Stoffe gem\u00e4\u00df den Designs.\" \/>\n<meta property=\"og:url\" content=\"https:\/\/www.semaytextile.com\/de\/konfektionierung\/\" \/>\n<meta property=\"og:site_name\" content=\"Semay Tekstil Triko\" \/>\n<meta property=\"article:modified_time\" content=\"2025-07-18T16:47:00+00:00\" \/>\n<meta property=\"og:image\" content=\"https:\/\/www.semaytextile.com\/de\/wp-content\/uploads\/konfeksiyon2-1.jpg\" \/>\n\t<meta property=\"og:image:width\" content=\"800\" \/>\n\t<meta property=\"og:image:height\" content=\"600\" \/>\n\t<meta property=\"og:image:type\" content=\"image\/jpeg\" \/>\n<meta name=\"twitter:card\" content=\"summary_large_image\" \/>\n<meta name=\"twitter:label1\" content=\"Tahmini okuma s\u00fcresi\" \/>\n\t<meta name=\"twitter:data1\" content=\"1 dakika\" \/>\n<script type=\"application\/ld+json\" class=\"yoast-schema-graph\">{\"@context\":\"https:\/\/schema.org\",\"@graph\":[{\"@type\":\"WebPage\",\"@id\":\"https:\/\/www.semaytextile.com\/de\/konfektionierung\/\",\"url\":\"https:\/\/www.semaytextile.com\/de\/konfektionierung\/\",\"name\":\"Konfektionierung - Semay Tekstil Triko\",\"isPartOf\":{\"@id\":\"https:\/\/www.semaytextile.com\/de\/#website\"},\"primaryImageOfPage\":{\"@id\":\"https:\/\/www.semaytextile.com\/de\/konfektionierung\/#primaryimage\"},\"image\":{\"@id\":\"https:\/\/www.semaytextile.com\/de\/konfektionierung\/#primaryimage\"},\"thumbnailUrl\":\"https:\/\/www.semaytextile.com\/de\/wp-content\/uploads\/konfeksiyon2-1.jpg\",\"datePublished\":\"2024-09-16T18:28:56+00:00\",\"dateModified\":\"2025-07-18T16:47:00+00:00\",\"description\":\"Als Semay Tekstil schneiden, kombinieren, b\u00fcgeln und verpacken wir die in unserer Strickwarenwerkstatt gewebten Stoffe gem\u00e4\u00df den Designs.\",\"breadcrumb\":{\"@id\":\"https:\/\/www.semaytextile.com\/de\/konfektionierung\/#breadcrumb\"},\"inLanguage\":\"tr\",\"potentialAction\":[{\"@type\":\"ReadAction\",\"target\":[\"https:\/\/www.semaytextile.com\/de\/konfektionierung\/\"]}]},{\"@type\":\"ImageObject\",\"inLanguage\":\"tr\",\"@id\":\"https:\/\/www.semaytextile.com\/de\/konfektionierung\/#primaryimage\",\"url\":\"https:\/\/www.semaytextile.com\/de\/wp-content\/uploads\/konfeksiyon2-1.jpg\",\"contentUrl\":\"https:\/\/www.semaytextile.com\/de\/wp-content\/uploads\/konfeksiyon2-1.jpg\",\"width\":800,\"height\":600,\"caption\":\"Semay Textilbekleidung, Semay Textilstrickwarenhersteller, Semay Textilstrickwarenhersteller,\"},{\"@type\":\"BreadcrumbList\",\"@id\":\"https:\/\/www.semaytextile.com\/de\/konfektionierung\/#breadcrumb\",\"itemListElement\":[{\"@type\":\"ListItem\",\"position\":1,\"name\":\"Anasayfa\",\"item\":\"https:\/\/www.semaytextile.com\/de\/\"},{\"@type\":\"ListItem\",\"position\":2,\"name\":\"Konfektionierung\"}]},{\"@type\":\"WebSite\",\"@id\":\"https:\/\/www.semaytextile.com\/de\/#website\",\"url\":\"https:\/\/www.semaytextile.com\/de\/\",\"name\":\"Semay Tekstil Triko\",\"description\":\"\",\"potentialAction\":[{\"@type\":\"SearchAction\",\"target\":{\"@type\":\"EntryPoint\",\"urlTemplate\":\"https:\/\/www.semaytextile.com\/de\/?s={search_term_string}\"},\"query-input\":{\"@type\":\"PropertyValueSpecification\",\"valueRequired\":true,\"valueName\":\"search_term_string\"}}],\"inLanguage\":\"tr\"}]}<\/script>\n<!-- \/ Yoast SEO plugin. -->","yoast_head_json":{"title":"Konfektionierung - Semay Tekstil Triko","description":"Als Semay Tekstil schneiden, kombinieren, b\u00fcgeln und verpacken wir die in unserer Strickwarenwerkstatt gewebten Stoffe gem\u00e4\u00df den Designs.","robots":{"index":"index","follow":"follow","max-snippet":"max-snippet:-1","max-image-preview":"max-image-preview:large","max-video-preview":"max-video-preview:-1"},"canonical":"https:\/\/www.semaytextile.com\/de\/konfektionierung\/","og_locale":"tr_TR","og_type":"article","og_title":"Konfektionierung - Semay Tekstil Triko","og_description":"Als Semay Tekstil schneiden, kombinieren, b\u00fcgeln und verpacken wir die in unserer Strickwarenwerkstatt gewebten Stoffe gem\u00e4\u00df den Designs.","og_url":"https:\/\/www.semaytextile.com\/de\/konfektionierung\/","og_site_name":"Semay Tekstil Triko","article_modified_time":"2025-07-18T16:47:00+00:00","og_image":[{"width":800,"height":600,"url":"https:\/\/www.semaytextile.com\/de\/wp-content\/uploads\/konfeksiyon2-1.jpg","type":"image\/jpeg"}],"twitter_card":"summary_large_image","twitter_misc":{"Tahmini okuma s\u00fcresi":"1 dakika"},"schema":{"@context":"https:\/\/schema.org","@graph":[{"@type":"WebPage","@id":"https:\/\/www.semaytextile.com\/de\/konfektionierung\/","url":"https:\/\/www.semaytextile.com\/de\/konfektionierung\/","name":"Konfektionierung - Semay Tekstil Triko","isPartOf":{"@id":"https:\/\/www.semaytextile.com\/de\/#website"},"primaryImageOfPage":{"@id":"https:\/\/www.semaytextile.com\/de\/konfektionierung\/#primaryimage"},"image":{"@id":"https:\/\/www.semaytextile.com\/de\/konfektionierung\/#primaryimage"},"thumbnailUrl":"https:\/\/www.semaytextile.com\/de\/wp-content\/uploads\/konfeksiyon2-1.jpg","datePublished":"2024-09-16T18:28:56+00:00","dateModified":"2025-07-18T16:47:00+00:00","description":"Als Semay Tekstil schneiden, kombinieren, b\u00fcgeln und verpacken wir die in unserer Strickwarenwerkstatt gewebten Stoffe gem\u00e4\u00df den Designs.","breadcrumb":{"@id":"https:\/\/www.semaytextile.com\/de\/konfektionierung\/#breadcrumb"},"inLanguage":"tr","potentialAction":[{"@type":"ReadAction","target":["https:\/\/www.semaytextile.com\/de\/konfektionierung\/"]}]},{"@type":"ImageObject","inLanguage":"tr","@id":"https:\/\/www.semaytextile.com\/de\/konfektionierung\/#primaryimage","url":"https:\/\/www.semaytextile.com\/de\/wp-content\/uploads\/konfeksiyon2-1.jpg","contentUrl":"https:\/\/www.semaytextile.com\/de\/wp-content\/uploads\/konfeksiyon2-1.jpg","width":800,"height":600,"caption":"Semay Textilbekleidung, Semay Textilstrickwarenhersteller, Semay Textilstrickwarenhersteller,"},{"@type":"BreadcrumbList","@id":"https:\/\/www.semaytextile.com\/de\/konfektionierung\/#breadcrumb","itemListElement":[{"@type":"ListItem","position":1,"name":"Anasayfa","item":"https:\/\/www.semaytextile.com\/de\/"},{"@type":"ListItem","position":2,"name":"Konfektionierung"}]},{"@type":"WebSite","@id":"https:\/\/www.semaytextile.com\/de\/#website","url":"https:\/\/www.semaytextile.com\/de\/","name":"Semay Tekstil Triko","description":"","potentialAction":[{"@type":"SearchAction","target":{"@type":"EntryPoint","urlTemplate":"https:\/\/www.semaytextile.com\/de\/?s={search_term_string}"},"query-input":{"@type":"PropertyValueSpecification","valueRequired":true,"valueName":"search_term_string"}}],"inLanguage":"tr"}]}},"_links":{"self":[{"href":"https:\/\/www.semaytextile.com\/de\/wp-json\/wp\/v2\/pages\/307","targetHints":{"allow":["GET"]}}],"collection":[{"href":"https:\/\/www.semaytextile.com\/de\/wp-json\/wp\/v2\/pages"}],"about":[{"href":"https:\/\/www.semaytextile.com\/de\/wp-json\/wp\/v2\/types\/page"}],"author":[{"embeddable":true,"href":"https:\/\/www.semaytextile.com\/de\/wp-json\/wp\/v2\/users\/1"}],"replies":[{"embeddable":true,"href":"https:\/\/www.semaytextile.com\/de\/wp-json\/wp\/v2\/comments?post=307"}],"version-history":[{"count":7,"href":"https:\/\/www.semaytextile.com\/de\/wp-json\/wp\/v2\/pages\/307\/revisions"}],"predecessor-version":[{"id":742,"href":"https:\/\/www.semaytextile.com\/de\/wp-json\/wp\/v2\/pages\/307\/revisions\/742"}],"wp:featuredmedia":[{"embeddable":true,"href":"https:\/\/www.semaytextile.com\/de\/wp-json\/wp\/v2\/media\/466"}],"wp:attachment":[{"href":"https:\/\/www.semaytextile.com\/de\/wp-json\/wp\/v2\/media?parent=307"}],"wp:term":[{"taxonomy":"post_tag","embeddable":true,"href":"https:\/\/www.semaytextile.com\/de\/wp-json\/wp\/v2\/tags?post=307"}],"curies":[{"name":"wp","href":"https:\/\/api.w.org\/{rel}","templated":true}]}}