{"id":314,"date":"2024-09-16T21:34:35","date_gmt":"2024-09-16T18:34:35","guid":{"rendered":"https:\/\/www.gulfinternationaltrade.com\/semay\/?page_id=314"},"modified":"2025-07-18T19:53:21","modified_gmt":"2025-07-18T16:53:21","slug":"verpackung","status":"publish","type":"page","link":"https:\/\/www.semaytextile.com\/de\/verpackung\/","title":{"rendered":"Verpackung"},"content":{"rendered":"\n<style type=\"text\/css\" data-created_by=\"avia_inline_auto\" id=\"style-css-av-zfmb6-1b8839d2f85a1a307c65935827a8ab32\">\n.avia-section.av-zfmb6-1b8839d2f85a1a307c65935827a8ab32 .av-parallax .av-parallax-inner{\nbackground-repeat:no-repeat;\nbackground-image:url(https:\/\/www.semaytextile.com\/de\/wp-content\/uploads\/arkaplan3.jpg);\nbackground-position:50% 50%;\nbackground-attachment:scroll;\n}\n<\/style>\n<div id='av_section_1'  class='avia-section av-zfmb6-1b8839d2f85a1a307c65935827a8ab32 main_color avia-section-default avia-no-border-styling  avia-builder-el-0  el_before_av_section  avia-builder-el-first  avia-full-stretch av-parallax-section avia-bg-style-parallax container_wrap sidebar_right'  data-section-bg-repeat='stretch'><div class='av-parallax' data-avia-parallax-ratio='0.3' ><div class='av-parallax-inner main_color avia-full-stretch'><\/div><\/div><div class='container av-section-cont-open' ><main  role=\"main\" itemprop=\"mainContentOfPage\"  class='template-page content  av-content-small alpha units'><div class='post-entry post-entry-type-page post-entry-314'><div class='entry-content-wrapper clearfix'>\n\n<style type=\"text\/css\" data-created_by=\"avia_inline_auto\" id=\"style-css-av-m15cfdz6-e7d193f0a1e176d726d2953b8f3af266\">\n#top .av-special-heading.av-m15cfdz6-e7d193f0a1e176d726d2953b8f3af266{\npadding-bottom:10px;\ncolor:#ffffff;\nfont-size:40px;\n}\nbody .av-special-heading.av-m15cfdz6-e7d193f0a1e176d726d2953b8f3af266 .av-special-heading-tag .heading-char{\nfont-size:25px;\n}\n#top #wrap_all .av-special-heading.av-m15cfdz6-e7d193f0a1e176d726d2953b8f3af266 .av-special-heading-tag{\nfont-size:40px;\n}\n.av-special-heading.av-m15cfdz6-e7d193f0a1e176d726d2953b8f3af266 .special-heading-inner-border{\nborder-color:#ffffff;\n}\n.av-special-heading.av-m15cfdz6-e7d193f0a1e176d726d2953b8f3af266 .av-subheading{\nfont-size:15px;\n}\n\n@media only screen and (min-width: 480px) and (max-width: 767px){ \n#top #wrap_all .av-special-heading.av-m15cfdz6-e7d193f0a1e176d726d2953b8f3af266 .av-special-heading-tag{\nfont-size:0.8em;\n}\n}\n\n@media only screen and (max-width: 479px){ \n#top #wrap_all .av-special-heading.av-m15cfdz6-e7d193f0a1e176d726d2953b8f3af266 .av-special-heading-tag{\nfont-size:0.8em;\n}\n}\n<\/style>\n<div  class='av-special-heading av-m15cfdz6-e7d193f0a1e176d726d2953b8f3af266 av-special-heading-h3 custom-color-heading blockquote modern-quote modern-centered  avia-builder-el-1  avia-builder-el-no-sibling  av-inherit-size'><h3 class='av-special-heading-tag '  itemprop=\"headline\"  >VERPACKUNG<\/h3><div class=\"special-heading-border\"><div class=\"special-heading-inner-border\"><\/div><\/div><\/div>\n<\/div><\/div><\/main><!-- close content main element --><\/div><\/div><div id='av_section_2'  class='avia-section av-pch0a-0f0451820fc564893f5895fd216b8326 main_color avia-section-default avia-no-border-styling  avia-builder-el-2  el_after_av_section  avia-builder-el-last  avia-bg-style-scroll container_wrap sidebar_right'  ><div class='container av-section-cont-open' ><div class='template-page content  av-content-small alpha units'><div class='post-entry post-entry-type-page post-entry-314'><div class='entry-content-wrapper clearfix'>\n\n<style type=\"text\/css\" data-created_by=\"avia_inline_auto\" id=\"style-css-av-m15cfhl5-3feb1f6c7c613339bcc6bfcec864a920\">\n#top .av-special-heading.av-m15cfhl5-3feb1f6c7c613339bcc6bfcec864a920{\npadding-bottom:10px;\nfont-size:40px;\n}\nbody .av-special-heading.av-m15cfhl5-3feb1f6c7c613339bcc6bfcec864a920 .av-special-heading-tag .heading-char{\nfont-size:25px;\n}\n#top #wrap_all .av-special-heading.av-m15cfhl5-3feb1f6c7c613339bcc6bfcec864a920 .av-special-heading-tag{\nfont-size:40px;\n}\n.av-special-heading.av-m15cfhl5-3feb1f6c7c613339bcc6bfcec864a920 .av-subheading{\nfont-size:15px;\n}\n\n@media only screen and (min-width: 480px) and (max-width: 767px){ \n#top #wrap_all .av-special-heading.av-m15cfhl5-3feb1f6c7c613339bcc6bfcec864a920 .av-special-heading-tag{\nfont-size:0.8em;\n}\n}\n\n@media only screen and (max-width: 479px){ \n#top #wrap_all .av-special-heading.av-m15cfhl5-3feb1f6c7c613339bcc6bfcec864a920 .av-special-heading-tag{\nfont-size:0.8em;\n}\n}\n<\/style>\n<div  class='av-special-heading av-m15cfhl5-3feb1f6c7c613339bcc6bfcec864a920 av-special-heading-h3 blockquote modern-quote  avia-builder-el-3  el_before_av_hr  avia-builder-el-first  av-inherit-size'><h3 class='av-special-heading-tag '  itemprop=\"headline\"  >Verpackung<\/h3><div class=\"special-heading-border\"><div class=\"special-heading-inner-border\"><\/div><\/div><\/div>\n\n<style type=\"text\/css\" data-created_by=\"avia_inline_auto\" id=\"style-css-av-mmdde-7afc056c4b661886ed9a72de3494de30\">\n#top .hr.hr-invisible.av-mmdde-7afc056c4b661886ed9a72de3494de30{\nheight:30px;\n}\n<\/style>\n<div  class='hr av-mmdde-7afc056c4b661886ed9a72de3494de30 hr-invisible  avia-builder-el-4  el_after_av_heading  el_before_av_two_fifth '><span class='hr-inner '><span class=\"hr-inner-style\"><\/span><\/span><\/div>\n<div  class='flex_column av-fmc2i-db1bff75f3537d298de2e1f4595a4290 av_two_fifth  avia-builder-el-5  el_after_av_hr  el_before_av_three_fifth  first flex_column_div  '     ><style type=\"text\/css\" data-created_by=\"avia_inline_auto\" id=\"style-css-av-m15cfqqj-4dc831fa4b201e49bccc156aca94cb9b\">\n.avia-image-container.av-m15cfqqj-4dc831fa4b201e49bccc156aca94cb9b img.avia_image{\nbox-shadow:none;\n}\n.avia-image-container.av-m15cfqqj-4dc831fa4b201e49bccc156aca94cb9b .av-image-caption-overlay-center{\ncolor:#ffffff;\n}\n<\/style>\n<div  class='avia-image-container av-m15cfqqj-4dc831fa4b201e49bccc156aca94cb9b av-styling- av-img-linked avia-align-center  avia-builder-el-6  avia-builder-el-no-sibling '   itemprop=\"image\" itemscope=\"itemscope\" itemtype=\"https:\/\/schema.org\/ImageObject\" ><div class=\"avia-image-container-inner\"><div class=\"avia-image-overlay-wrap\"><a href=\"https:\/\/www.semaytextile.com\/de\/wp-content\/uploads\/paketleme.jpg\" data-srcset=\"https:\/\/www.semaytextile.com\/de\/wp-content\/uploads\/paketleme.jpg 800w, https:\/\/www.semaytextile.com\/de\/wp-content\/uploads\/paketleme-400x300.jpg 400w, https:\/\/www.semaytextile.com\/de\/wp-content\/uploads\/paketleme-768x576.jpg 768w, https:\/\/www.semaytextile.com\/de\/wp-content\/uploads\/paketleme-705x529.jpg 705w\" data-sizes=\"(max-width: 800px) 100vw, 800px\" class='avia_image '  aria-label='Verpackung, Semay-Textilverpackung, Pullover, Strickjacke, Bluse, Weste, Pullover, Strumpfhose, Handschuhe, Baskenm\u00fctze, Schal, Tuch, Socken, Jacke,'><img decoding=\"async\" fetchpriority=\"high\" class='wp-image-270 avia-img-lazy-loading-not-270 avia_image ' src=\"https:\/\/www.semaytextile.com\/de\/wp-content\/uploads\/paketleme.jpg\" alt='Verpackung, Semay-Textilverpackung, Pullover, Strickjacke, Bluse, Weste, Pullover, Strumpfhose, Handschuhe, Baskenm\u00fctze, Schal, Tuch, Socken, Jacke,' title='Verpackung, Semay-Textilverpackung, Pullover, Strickjacke, Bluse, Weste, Pullover, Strumpfhose, Handschuhe, Baskenm\u00fctze, Schal, Tuch, Socken, Jacke,'  height=\"600\" width=\"800\"  itemprop=\"thumbnailUrl\" srcset=\"https:\/\/www.semaytextile.com\/de\/wp-content\/uploads\/paketleme.jpg 800w, https:\/\/www.semaytextile.com\/de\/wp-content\/uploads\/paketleme-400x300.jpg 400w, https:\/\/www.semaytextile.com\/de\/wp-content\/uploads\/paketleme-768x576.jpg 768w, https:\/\/www.semaytextile.com\/de\/wp-content\/uploads\/paketleme-705x529.jpg 705w\" sizes=\"(max-width: 800px) 100vw, 800px\" \/><\/a><\/div><\/div><\/div><\/div><div  class='flex_column av-apley-ebb83fb9d09ead464d4d096843b320a0 av_three_fifth  avia-builder-el-7  el_after_av_two_fifth  avia-builder-el-last  flex_column_div  '     ><style type=\"text\/css\" data-created_by=\"avia_inline_auto\" id=\"style-css-av-m15cfkmr-52ac365e14b2bd097e6977d41a9a1feb\">\n#top .av_textblock_section.av-m15cfkmr-52ac365e14b2bd097e6977d41a9a1feb .avia_textblock{\nfont-size:15px;\ncolor:#000000;\n}\n<\/style>\n<section  class='av_textblock_section av-m15cfkmr-52ac365e14b2bd097e6977d41a9a1feb '   itemscope=\"itemscope\" itemtype=\"https:\/\/schema.org\/CreativeWork\" ><div class='avia_textblock av_inherit_color'  itemprop=\"text\" ><p>Nachdem alle Produktionsstufen abgeschlossen sind, erfolgt der letzte Schritt \u2013 die Verpackung. Eine korrekte Sortierung und Verpackung nach Farben, Gr\u00f6\u00dfen oder Sortimenten ist entscheidend, um Ordnung und Qualit\u00e4t zu gew\u00e4hrleisten.<\/p>\n<p>Besonderes Augenmerk wird auch auf die Vorbereitung von Verpackungsmaterialien wie Schutzfolien und passenden Kartons gelegt, um Platz w\u00e4hrend des Versands zu sparen und ein Verknittern zu verhindern.<\/p>\n<p>Durch professionelle Verpackung stellen wir sicher, dass die Strickwarenprodukte in perfektem Zustand und ohne Sch\u00e4den bei unseren Kunden ankommen.<\/p>\n<\/div><\/section><\/div><\/div><\/div><\/div><!-- close content main div --><\/div><\/div><div id='after_section_2'  class='main_color av_default_container_wrap container_wrap sidebar_right'  ><div class='container av-section-cont-open' ><div class='template-page content  av-content-small alpha units'><div class='post-entry post-entry-type-page post-entry-314'><div class='entry-content-wrapper clearfix'><\/p>\n","protected":false},"excerpt":{"rendered":"","protected":false},"author":1,"featured_media":270,"parent":0,"menu_order":0,"comment_status":"closed","ping_status":"closed","template":"","meta":{"footnotes":""},"tags":[423,426,425,422,424],"class_list":["post-314","page","type-page","status-publish","has-post-thumbnail","hentry","tag-pulloververpackung","tag-strickjackenverpackung","tag-strickwarenverpackung","tag-verpackung","tag-westenverpackung"],"yoast_head":"<!-- This site is optimized with the Yoast SEO plugin v23.4 - https:\/\/yoast.com\/wordpress\/plugins\/seo\/ -->\n<title>Verpackung - Semay Tekstil Triko<\/title>\n<meta name=\"description\" content=\"Als Semay Tekstil verpacken und verpacken wir die Strickwaren einwandfrei und liefern sie in ordnungsgem\u00e4\u00dfen Verpackungen ohne Besch\u00e4digungen.\" \/>\n<meta name=\"robots\" content=\"index, follow, max-snippet:-1, max-image-preview:large, max-video-preview:-1\" \/>\n<link rel=\"canonical\" href=\"https:\/\/www.semaytextile.com\/de\/verpackung\/\" \/>\n<meta property=\"og:locale\" content=\"tr_TR\" \/>\n<meta property=\"og:type\" content=\"article\" \/>\n<meta property=\"og:title\" content=\"Verpackung - Semay Tekstil Triko\" \/>\n<meta property=\"og:description\" content=\"Als Semay Tekstil verpacken und verpacken wir die Strickwaren einwandfrei und liefern sie in ordnungsgem\u00e4\u00dfen Verpackungen ohne Besch\u00e4digungen.\" \/>\n<meta property=\"og:url\" content=\"https:\/\/www.semaytextile.com\/de\/verpackung\/\" \/>\n<meta property=\"og:site_name\" content=\"Semay Tekstil Triko\" \/>\n<meta property=\"article:modified_time\" content=\"2025-07-18T16:53:21+00:00\" \/>\n<meta property=\"og:image\" content=\"https:\/\/www.semaytextile.com\/de\/wp-content\/uploads\/paketleme.jpg\" \/>\n\t<meta property=\"og:image:width\" content=\"800\" \/>\n\t<meta property=\"og:image:height\" content=\"600\" \/>\n\t<meta property=\"og:image:type\" content=\"image\/jpeg\" \/>\n<meta name=\"twitter:card\" content=\"summary_large_image\" \/>\n<meta name=\"twitter:label1\" content=\"Tahmini okuma s\u00fcresi\" \/>\n\t<meta name=\"twitter:data1\" content=\"1 dakika\" \/>\n<script type=\"application\/ld+json\" class=\"yoast-schema-graph\">{\"@context\":\"https:\/\/schema.org\",\"@graph\":[{\"@type\":\"WebPage\",\"@id\":\"https:\/\/www.semaytextile.com\/de\/verpackung\/\",\"url\":\"https:\/\/www.semaytextile.com\/de\/verpackung\/\",\"name\":\"Verpackung - Semay Tekstil Triko\",\"isPartOf\":{\"@id\":\"https:\/\/www.semaytextile.com\/de\/#website\"},\"primaryImageOfPage\":{\"@id\":\"https:\/\/www.semaytextile.com\/de\/verpackung\/#primaryimage\"},\"image\":{\"@id\":\"https:\/\/www.semaytextile.com\/de\/verpackung\/#primaryimage\"},\"thumbnailUrl\":\"https:\/\/www.semaytextile.com\/de\/wp-content\/uploads\/paketleme.jpg\",\"datePublished\":\"2024-09-16T18:34:35+00:00\",\"dateModified\":\"2025-07-18T16:53:21+00:00\",\"description\":\"Als Semay Tekstil verpacken und verpacken wir die Strickwaren einwandfrei und liefern sie in ordnungsgem\u00e4\u00dfen Verpackungen ohne Besch\u00e4digungen.\",\"breadcrumb\":{\"@id\":\"https:\/\/www.semaytextile.com\/de\/verpackung\/#breadcrumb\"},\"inLanguage\":\"tr\",\"potentialAction\":[{\"@type\":\"ReadAction\",\"target\":[\"https:\/\/www.semaytextile.com\/de\/verpackung\/\"]}]},{\"@type\":\"ImageObject\",\"inLanguage\":\"tr\",\"@id\":\"https:\/\/www.semaytextile.com\/de\/verpackung\/#primaryimage\",\"url\":\"https:\/\/www.semaytextile.com\/de\/wp-content\/uploads\/paketleme.jpg\",\"contentUrl\":\"https:\/\/www.semaytextile.com\/de\/wp-content\/uploads\/paketleme.jpg\",\"width\":800,\"height\":600,\"caption\":\"Verpackung, Semay-Textilverpackung, Pullover, Strickjacke, Bluse, Weste, Pullover, Strumpfhose, Handschuhe, Baskenm\u00fctze, Schal, Tuch, Socken, Jacke,\"},{\"@type\":\"BreadcrumbList\",\"@id\":\"https:\/\/www.semaytextile.com\/de\/verpackung\/#breadcrumb\",\"itemListElement\":[{\"@type\":\"ListItem\",\"position\":1,\"name\":\"Anasayfa\",\"item\":\"https:\/\/www.semaytextile.com\/de\/\"},{\"@type\":\"ListItem\",\"position\":2,\"name\":\"Verpackung\"}]},{\"@type\":\"WebSite\",\"@id\":\"https:\/\/www.semaytextile.com\/de\/#website\",\"url\":\"https:\/\/www.semaytextile.com\/de\/\",\"name\":\"Semay Tekstil Triko\",\"description\":\"\",\"potentialAction\":[{\"@type\":\"SearchAction\",\"target\":{\"@type\":\"EntryPoint\",\"urlTemplate\":\"https:\/\/www.semaytextile.com\/de\/?s={search_term_string}\"},\"query-input\":{\"@type\":\"PropertyValueSpecification\",\"valueRequired\":true,\"valueName\":\"search_term_string\"}}],\"inLanguage\":\"tr\"}]}<\/script>\n<!-- \/ Yoast SEO plugin. -->","yoast_head_json":{"title":"Verpackung - Semay Tekstil Triko","description":"Als Semay Tekstil verpacken und verpacken wir die Strickwaren einwandfrei und liefern sie in ordnungsgem\u00e4\u00dfen Verpackungen ohne Besch\u00e4digungen.","robots":{"index":"index","follow":"follow","max-snippet":"max-snippet:-1","max-image-preview":"max-image-preview:large","max-video-preview":"max-video-preview:-1"},"canonical":"https:\/\/www.semaytextile.com\/de\/verpackung\/","og_locale":"tr_TR","og_type":"article","og_title":"Verpackung - Semay Tekstil Triko","og_description":"Als Semay Tekstil verpacken und verpacken wir die Strickwaren einwandfrei und liefern sie in ordnungsgem\u00e4\u00dfen Verpackungen ohne Besch\u00e4digungen.","og_url":"https:\/\/www.semaytextile.com\/de\/verpackung\/","og_site_name":"Semay Tekstil Triko","article_modified_time":"2025-07-18T16:53:21+00:00","og_image":[{"width":800,"height":600,"url":"https:\/\/www.semaytextile.com\/de\/wp-content\/uploads\/paketleme.jpg","type":"image\/jpeg"}],"twitter_card":"summary_large_image","twitter_misc":{"Tahmini okuma s\u00fcresi":"1 dakika"},"schema":{"@context":"https:\/\/schema.org","@graph":[{"@type":"WebPage","@id":"https:\/\/www.semaytextile.com\/de\/verpackung\/","url":"https:\/\/www.semaytextile.com\/de\/verpackung\/","name":"Verpackung - Semay Tekstil Triko","isPartOf":{"@id":"https:\/\/www.semaytextile.com\/de\/#website"},"primaryImageOfPage":{"@id":"https:\/\/www.semaytextile.com\/de\/verpackung\/#primaryimage"},"image":{"@id":"https:\/\/www.semaytextile.com\/de\/verpackung\/#primaryimage"},"thumbnailUrl":"https:\/\/www.semaytextile.com\/de\/wp-content\/uploads\/paketleme.jpg","datePublished":"2024-09-16T18:34:35+00:00","dateModified":"2025-07-18T16:53:21+00:00","description":"Als Semay Tekstil verpacken und verpacken wir die Strickwaren einwandfrei und liefern sie in ordnungsgem\u00e4\u00dfen Verpackungen ohne Besch\u00e4digungen.","breadcrumb":{"@id":"https:\/\/www.semaytextile.com\/de\/verpackung\/#breadcrumb"},"inLanguage":"tr","potentialAction":[{"@type":"ReadAction","target":["https:\/\/www.semaytextile.com\/de\/verpackung\/"]}]},{"@type":"ImageObject","inLanguage":"tr","@id":"https:\/\/www.semaytextile.com\/de\/verpackung\/#primaryimage","url":"https:\/\/www.semaytextile.com\/de\/wp-content\/uploads\/paketleme.jpg","contentUrl":"https:\/\/www.semaytextile.com\/de\/wp-content\/uploads\/paketleme.jpg","width":800,"height":600,"caption":"Verpackung, Semay-Textilverpackung, Pullover, Strickjacke, Bluse, Weste, Pullover, Strumpfhose, Handschuhe, Baskenm\u00fctze, Schal, Tuch, Socken, Jacke,"},{"@type":"BreadcrumbList","@id":"https:\/\/www.semaytextile.com\/de\/verpackung\/#breadcrumb","itemListElement":[{"@type":"ListItem","position":1,"name":"Anasayfa","item":"https:\/\/www.semaytextile.com\/de\/"},{"@type":"ListItem","position":2,"name":"Verpackung"}]},{"@type":"WebSite","@id":"https:\/\/www.semaytextile.com\/de\/#website","url":"https:\/\/www.semaytextile.com\/de\/","name":"Semay Tekstil Triko","description":"","potentialAction":[{"@type":"SearchAction","target":{"@type":"EntryPoint","urlTemplate":"https:\/\/www.semaytextile.com\/de\/?s={search_term_string}"},"query-input":{"@type":"PropertyValueSpecification","valueRequired":true,"valueName":"search_term_string"}}],"inLanguage":"tr"}]}},"_links":{"self":[{"href":"https:\/\/www.semaytextile.com\/de\/wp-json\/wp\/v2\/pages\/314","targetHints":{"allow":["GET"]}}],"collection":[{"href":"https:\/\/www.semaytextile.com\/de\/wp-json\/wp\/v2\/pages"}],"about":[{"href":"https:\/\/www.semaytextile.com\/de\/wp-json\/wp\/v2\/types\/page"}],"author":[{"embeddable":true,"href":"https:\/\/www.semaytextile.com\/de\/wp-json\/wp\/v2\/users\/1"}],"replies":[{"embeddable":true,"href":"https:\/\/www.semaytextile.com\/de\/wp-json\/wp\/v2\/comments?post=314"}],"version-history":[{"count":5,"href":"https:\/\/www.semaytextile.com\/de\/wp-json\/wp\/v2\/pages\/314\/revisions"}],"predecessor-version":[{"id":754,"href":"https:\/\/www.semaytextile.com\/de\/wp-json\/wp\/v2\/pages\/314\/revisions\/754"}],"wp:featuredmedia":[{"embeddable":true,"href":"https:\/\/www.semaytextile.com\/de\/wp-json\/wp\/v2\/media\/270"}],"wp:attachment":[{"href":"https:\/\/www.semaytextile.com\/de\/wp-json\/wp\/v2\/media?parent=314"}],"wp:term":[{"taxonomy":"post_tag","embeddable":true,"href":"https:\/\/www.semaytextile.com\/de\/wp-json\/wp\/v2\/tags?post=314"}],"curies":[{"name":"wp","href":"https:\/\/api.w.org\/{rel}","templated":true}]}}