{"id":316,"date":"2024-09-16T21:36:20","date_gmt":"2024-09-16T18:36:20","guid":{"rendered":"https:\/\/www.gulfinternationaltrade.com\/semay\/?page_id=316"},"modified":"2025-07-18T19:59:08","modified_gmt":"2025-07-18T16:59:08","slug":"waschen","status":"publish","type":"page","link":"https:\/\/www.semaytextile.com\/de\/waschen\/","title":{"rendered":"Waschen"},"content":{"rendered":"\n<style type=\"text\/css\" data-created_by=\"avia_inline_auto\" id=\"style-css-av-vswak-f93130adfa98672d5df3d21f2d638f96\">\n.avia-section.av-vswak-f93130adfa98672d5df3d21f2d638f96 .av-parallax .av-parallax-inner{\nbackground-repeat:no-repeat;\nbackground-image:url(https:\/\/www.semaytextile.com\/de\/wp-content\/uploads\/arkaplan3.jpg);\nbackground-position:50% 50%;\nbackground-attachment:scroll;\n}\n<\/style>\n<div id='av_section_1'  class='avia-section av-vswak-f93130adfa98672d5df3d21f2d638f96 main_color avia-section-default avia-no-border-styling  avia-builder-el-0  el_before_av_section  avia-builder-el-first  avia-full-stretch av-parallax-section avia-bg-style-parallax container_wrap sidebar_right'  data-section-bg-repeat='stretch'><div class='av-parallax' data-avia-parallax-ratio='0.3' ><div class='av-parallax-inner main_color avia-full-stretch'><\/div><\/div><div class='container av-section-cont-open' ><main  role=\"main\" itemprop=\"mainContentOfPage\"  class='template-page content  av-content-small alpha units'><div class='post-entry post-entry-type-page post-entry-316'><div class='entry-content-wrapper clearfix'>\n\n<style type=\"text\/css\" data-created_by=\"avia_inline_auto\" id=\"style-css-av-m15chj3v-676b9df80c32df7920fd50b9b01c08b4\">\n#top .av-special-heading.av-m15chj3v-676b9df80c32df7920fd50b9b01c08b4{\npadding-bottom:10px;\ncolor:#ffffff;\nfont-size:40px;\n}\nbody .av-special-heading.av-m15chj3v-676b9df80c32df7920fd50b9b01c08b4 .av-special-heading-tag .heading-char{\nfont-size:25px;\n}\n#top #wrap_all .av-special-heading.av-m15chj3v-676b9df80c32df7920fd50b9b01c08b4 .av-special-heading-tag{\nfont-size:40px;\n}\n.av-special-heading.av-m15chj3v-676b9df80c32df7920fd50b9b01c08b4 .special-heading-inner-border{\nborder-color:#ffffff;\n}\n.av-special-heading.av-m15chj3v-676b9df80c32df7920fd50b9b01c08b4 .av-subheading{\nfont-size:15px;\n}\n\n@media only screen and (min-width: 480px) and (max-width: 767px){ \n#top #wrap_all .av-special-heading.av-m15chj3v-676b9df80c32df7920fd50b9b01c08b4 .av-special-heading-tag{\nfont-size:0.8em;\n}\n}\n\n@media only screen and (max-width: 479px){ \n#top #wrap_all .av-special-heading.av-m15chj3v-676b9df80c32df7920fd50b9b01c08b4 .av-special-heading-tag{\nfont-size:0.8em;\n}\n}\n<\/style>\n<div  class='av-special-heading av-m15chj3v-676b9df80c32df7920fd50b9b01c08b4 av-special-heading-h3 custom-color-heading blockquote modern-quote modern-centered  avia-builder-el-1  avia-builder-el-no-sibling  av-inherit-size'><h3 class='av-special-heading-tag '  itemprop=\"headline\"  >WASCHEN<\/h3><div class=\"special-heading-border\"><div class=\"special-heading-inner-border\"><\/div><\/div><\/div>\n<\/div><\/div><\/main><!-- close content main element --><\/div><\/div><div id='av_section_2'  class='avia-section av-rcupw-9075d163a0509c3b67b603f0a8abb48b main_color avia-section-default avia-no-border-styling  avia-builder-el-2  el_after_av_section  avia-builder-el-last  avia-bg-style-scroll container_wrap sidebar_right'  ><div class='container av-section-cont-open' ><div class='template-page content  av-content-small alpha units'><div class='post-entry post-entry-type-page post-entry-316'><div class='entry-content-wrapper clearfix'>\n\n<style type=\"text\/css\" data-created_by=\"avia_inline_auto\" id=\"style-css-av-m15chn63-c61f896acc905c504d122e73fc90df95\">\n#top .av-special-heading.av-m15chn63-c61f896acc905c504d122e73fc90df95{\npadding-bottom:10px;\nfont-size:40px;\n}\nbody .av-special-heading.av-m15chn63-c61f896acc905c504d122e73fc90df95 .av-special-heading-tag .heading-char{\nfont-size:25px;\n}\n#top #wrap_all .av-special-heading.av-m15chn63-c61f896acc905c504d122e73fc90df95 .av-special-heading-tag{\nfont-size:40px;\n}\n.av-special-heading.av-m15chn63-c61f896acc905c504d122e73fc90df95 .av-subheading{\nfont-size:15px;\n}\n\n@media only screen and (min-width: 480px) and (max-width: 767px){ \n#top #wrap_all .av-special-heading.av-m15chn63-c61f896acc905c504d122e73fc90df95 .av-special-heading-tag{\nfont-size:0.8em;\n}\n}\n\n@media only screen and (max-width: 479px){ \n#top #wrap_all .av-special-heading.av-m15chn63-c61f896acc905c504d122e73fc90df95 .av-special-heading-tag{\nfont-size:0.8em;\n}\n}\n<\/style>\n<div  class='av-special-heading av-m15chn63-c61f896acc905c504d122e73fc90df95 av-special-heading-h3 blockquote modern-quote  avia-builder-el-3  el_before_av_hr  avia-builder-el-first  av-inherit-size'><h3 class='av-special-heading-tag '  itemprop=\"headline\"  >Waschen<\/h3><div class=\"special-heading-border\"><div class=\"special-heading-inner-border\"><\/div><\/div><\/div>\n\n<style type=\"text\/css\" data-created_by=\"avia_inline_auto\" id=\"style-css-av-24jn8-920cbfa714585aa3887267f14eb61809\">\n#top .hr.hr-invisible.av-24jn8-920cbfa714585aa3887267f14eb61809{\nheight:30px;\n}\n<\/style>\n<div  class='hr av-24jn8-920cbfa714585aa3887267f14eb61809 hr-invisible  avia-builder-el-4  el_after_av_heading  el_before_av_two_fifth '><span class='hr-inner '><span class=\"hr-inner-style\"><\/span><\/span><\/div>\n<div  class='flex_column av-dhot8-2a4f129a5613b9dc10c4aa20aee4653c av_two_fifth  avia-builder-el-5  el_after_av_hr  el_before_av_three_fifth  first flex_column_div  '     ><style type=\"text\/css\" data-created_by=\"avia_inline_auto\" id=\"style-css-av-m15chthd-b183bd3b2be8cb0e4b5b15aa4b816ca4\">\n.avia-image-container.av-m15chthd-b183bd3b2be8cb0e4b5b15aa4b816ca4 img.avia_image{\nbox-shadow:none;\n}\n.avia-image-container.av-m15chthd-b183bd3b2be8cb0e4b5b15aa4b816ca4 .av-image-caption-overlay-center{\ncolor:#ffffff;\n}\n<\/style>\n<div  class='avia-image-container av-m15chthd-b183bd3b2be8cb0e4b5b15aa4b816ca4 av-styling- av-img-linked avia-align-center  avia-builder-el-6  avia-builder-el-no-sibling '   itemprop=\"image\" itemscope=\"itemscope\" itemtype=\"https:\/\/schema.org\/ImageObject\" ><div class=\"avia-image-container-inner\"><div class=\"avia-image-overlay-wrap\"><a href=\"https:\/\/www.semaytextile.com\/de\/wp-content\/uploads\/triko-yikama.jpg\" data-srcset=\"https:\/\/www.semaytextile.com\/de\/wp-content\/uploads\/triko-yikama.jpg 800w, https:\/\/www.semaytextile.com\/de\/wp-content\/uploads\/triko-yikama-400x300.jpg 400w, https:\/\/www.semaytextile.com\/de\/wp-content\/uploads\/triko-yikama-768x576.jpg 768w, https:\/\/www.semaytextile.com\/de\/wp-content\/uploads\/triko-yikama-705x529.jpg 705w\" data-sizes=\"(max-width: 800px) 100vw, 800px\" class='avia_image '  aria-label='Waschen, Halbtextilw\u00e4sche, Pullover, Strickjacke, Bluse, Weste, Pullover, Strumpfhose, Handschuhe, Baskenm\u00fctze, Schal, Tuch, Socken, Jacke,'><img decoding=\"async\" fetchpriority=\"high\" class='wp-image-265 avia-img-lazy-loading-not-265 avia_image ' src=\"https:\/\/www.semaytextile.com\/de\/wp-content\/uploads\/triko-yikama.jpg\" alt='Waschen, Halbtextilw\u00e4sche, Pullover, Strickjacke, Bluse, Weste, Pullover, Strumpfhose, Handschuhe, Baskenm\u00fctze, Schal, Tuch, Socken, Jacke,' title='Waschen, Halbtextilw\u00e4sche, Pullover, Strickjacke, Bluse, Weste, Pullover, Strumpfhose, Handschuhe, Baskenm\u00fctze, Schal, Tuch, Socken, Jacke,'  height=\"600\" width=\"800\"  itemprop=\"thumbnailUrl\" srcset=\"https:\/\/www.semaytextile.com\/de\/wp-content\/uploads\/triko-yikama.jpg 800w, https:\/\/www.semaytextile.com\/de\/wp-content\/uploads\/triko-yikama-400x300.jpg 400w, https:\/\/www.semaytextile.com\/de\/wp-content\/uploads\/triko-yikama-768x576.jpg 768w, https:\/\/www.semaytextile.com\/de\/wp-content\/uploads\/triko-yikama-705x529.jpg 705w\" sizes=\"(max-width: 800px) 100vw, 800px\" \/><\/a><\/div><\/div><\/div><\/div><div  class='flex_column av-11hs4-a08708498a45a4a6bf74c2064219f853 av_three_fifth  avia-builder-el-7  el_after_av_two_fifth  avia-builder-el-last  flex_column_div  '     ><style type=\"text\/css\" data-created_by=\"avia_inline_auto\" id=\"style-css-av-m15ci10e-24fdcf8a8961e875ebc44e7edcf6b8f4\">\n#top .av_textblock_section.av-m15ci10e-24fdcf8a8961e875ebc44e7edcf6b8f4 .avia_textblock{\nfont-size:15px;\ncolor:#000000;\n}\n<\/style>\n<section  class='av_textblock_section av-m15ci10e-24fdcf8a8961e875ebc44e7edcf6b8f4 '   itemscope=\"itemscope\" itemtype=\"https:\/\/schema.org\/CreativeWork\" ><div class='avia_textblock av_inherit_color'  itemprop=\"text\" ><p>Unsere Wascheinheit passt ihre Prozesse entsprechend der Garnart an und verwendet Hilfsmittel wie Silikon oder Weichmacher, um die beste Textur f\u00fcr den Stoff zu erzielen. Ma\u00dfgeschneiderte Rezepte werden sorgf\u00e4ltig vorbereitet, um die besten Qualit\u00e4tsergebnisse zu gew\u00e4hrleisten.<\/p>\n<p>Um eine erstklassige Qualit\u00e4t aufrechtzuerhalten, arbeitet unsere Wascheinheit intern mit exklusiven, speziell f\u00fcr uns entwickelten Rezepturen. Die Wascheinheit ist ein entscheidender Bestandteil unseres Qualit\u00e4tsmanagementprozesses.<\/p>\n<\/div><\/section><\/div><\/div><\/div><\/div><!-- close content main div --><\/div><\/div><div id='after_section_2'  class='main_color av_default_container_wrap container_wrap sidebar_right'  ><div class='container av-section-cont-open' ><div class='template-page content  av-content-small alpha units'><div class='post-entry post-entry-type-page post-entry-316'><div class='entry-content-wrapper clearfix'><\/p>\n","protected":false},"excerpt":{"rendered":"","protected":false},"author":1,"featured_media":265,"parent":0,"menu_order":0,"comment_status":"closed","ping_status":"closed","template":"","meta":{"footnotes":""},"tags":[437,439,441,440,438,443,442],"class_list":["post-316","page","type-page","status-publish","has-post-thumbnail","hentry","tag-pulloverwasche","tag-strickjackenwasche","tag-strickwasche","tag-textilwasche","tag-tunikawasche","tag-wasche","tag-westenwasche"],"yoast_head":"<!-- This site is optimized with the Yoast SEO plugin v23.4 - https:\/\/yoast.com\/wordpress\/plugins\/seo\/ -->\n<title>Waschen - Semay Tekstil Triko<\/title>\n<meta name=\"description\" content=\"Sie k\u00f6nnen die Strickwaren, die wir als Semay Tekstil herstellen, noch viele Jahre lang verwenden, wenn Sie die Waschanleitung befolgen.\" \/>\n<meta name=\"robots\" content=\"index, follow, max-snippet:-1, max-image-preview:large, max-video-preview:-1\" \/>\n<link rel=\"canonical\" href=\"https:\/\/www.semaytextile.com\/de\/waschen\/\" \/>\n<meta property=\"og:locale\" content=\"tr_TR\" \/>\n<meta property=\"og:type\" content=\"article\" \/>\n<meta property=\"og:title\" content=\"Waschen - Semay Tekstil Triko\" \/>\n<meta property=\"og:description\" content=\"Sie k\u00f6nnen die Strickwaren, die wir als Semay Tekstil herstellen, noch viele Jahre lang verwenden, wenn Sie die Waschanleitung befolgen.\" \/>\n<meta property=\"og:url\" content=\"https:\/\/www.semaytextile.com\/de\/waschen\/\" \/>\n<meta property=\"og:site_name\" content=\"Semay Tekstil Triko\" \/>\n<meta property=\"article:modified_time\" content=\"2025-07-18T16:59:08+00:00\" \/>\n<meta property=\"og:image\" content=\"https:\/\/www.semaytextile.com\/de\/wp-content\/uploads\/triko-yikama.jpg\" \/>\n\t<meta property=\"og:image:width\" content=\"800\" \/>\n\t<meta property=\"og:image:height\" content=\"600\" \/>\n\t<meta property=\"og:image:type\" content=\"image\/jpeg\" \/>\n<meta name=\"twitter:card\" content=\"summary_large_image\" \/>\n<meta name=\"twitter:label1\" content=\"Tahmini okuma s\u00fcresi\" \/>\n\t<meta name=\"twitter:data1\" content=\"1 dakika\" \/>\n<script type=\"application\/ld+json\" class=\"yoast-schema-graph\">{\"@context\":\"https:\/\/schema.org\",\"@graph\":[{\"@type\":\"WebPage\",\"@id\":\"https:\/\/www.semaytextile.com\/de\/waschen\/\",\"url\":\"https:\/\/www.semaytextile.com\/de\/waschen\/\",\"name\":\"Waschen - Semay Tekstil Triko\",\"isPartOf\":{\"@id\":\"https:\/\/www.semaytextile.com\/de\/#website\"},\"primaryImageOfPage\":{\"@id\":\"https:\/\/www.semaytextile.com\/de\/waschen\/#primaryimage\"},\"image\":{\"@id\":\"https:\/\/www.semaytextile.com\/de\/waschen\/#primaryimage\"},\"thumbnailUrl\":\"https:\/\/www.semaytextile.com\/de\/wp-content\/uploads\/triko-yikama.jpg\",\"datePublished\":\"2024-09-16T18:36:20+00:00\",\"dateModified\":\"2025-07-18T16:59:08+00:00\",\"description\":\"Sie k\u00f6nnen die Strickwaren, die wir als Semay Tekstil herstellen, noch viele Jahre lang verwenden, wenn Sie die Waschanleitung befolgen.\",\"breadcrumb\":{\"@id\":\"https:\/\/www.semaytextile.com\/de\/waschen\/#breadcrumb\"},\"inLanguage\":\"tr\",\"potentialAction\":[{\"@type\":\"ReadAction\",\"target\":[\"https:\/\/www.semaytextile.com\/de\/waschen\/\"]}]},{\"@type\":\"ImageObject\",\"inLanguage\":\"tr\",\"@id\":\"https:\/\/www.semaytextile.com\/de\/waschen\/#primaryimage\",\"url\":\"https:\/\/www.semaytextile.com\/de\/wp-content\/uploads\/triko-yikama.jpg\",\"contentUrl\":\"https:\/\/www.semaytextile.com\/de\/wp-content\/uploads\/triko-yikama.jpg\",\"width\":800,\"height\":600,\"caption\":\"Waschen, Halbtextilw\u00e4sche, Pullover, Strickjacke, Bluse, Weste, Pullover, Strumpfhose, Handschuhe, Baskenm\u00fctze, Schal, Tuch, Socken, Jacke,\"},{\"@type\":\"BreadcrumbList\",\"@id\":\"https:\/\/www.semaytextile.com\/de\/waschen\/#breadcrumb\",\"itemListElement\":[{\"@type\":\"ListItem\",\"position\":1,\"name\":\"Anasayfa\",\"item\":\"https:\/\/www.semaytextile.com\/de\/\"},{\"@type\":\"ListItem\",\"position\":2,\"name\":\"Waschen\"}]},{\"@type\":\"WebSite\",\"@id\":\"https:\/\/www.semaytextile.com\/de\/#website\",\"url\":\"https:\/\/www.semaytextile.com\/de\/\",\"name\":\"Semay Tekstil Triko\",\"description\":\"\",\"potentialAction\":[{\"@type\":\"SearchAction\",\"target\":{\"@type\":\"EntryPoint\",\"urlTemplate\":\"https:\/\/www.semaytextile.com\/de\/?s={search_term_string}\"},\"query-input\":{\"@type\":\"PropertyValueSpecification\",\"valueRequired\":true,\"valueName\":\"search_term_string\"}}],\"inLanguage\":\"tr\"}]}<\/script>\n<!-- \/ Yoast SEO plugin. -->","yoast_head_json":{"title":"Waschen - Semay Tekstil Triko","description":"Sie k\u00f6nnen die Strickwaren, die wir als Semay Tekstil herstellen, noch viele Jahre lang verwenden, wenn Sie die Waschanleitung befolgen.","robots":{"index":"index","follow":"follow","max-snippet":"max-snippet:-1","max-image-preview":"max-image-preview:large","max-video-preview":"max-video-preview:-1"},"canonical":"https:\/\/www.semaytextile.com\/de\/waschen\/","og_locale":"tr_TR","og_type":"article","og_title":"Waschen - Semay Tekstil Triko","og_description":"Sie k\u00f6nnen die Strickwaren, die wir als Semay Tekstil herstellen, noch viele Jahre lang verwenden, wenn Sie die Waschanleitung befolgen.","og_url":"https:\/\/www.semaytextile.com\/de\/waschen\/","og_site_name":"Semay Tekstil Triko","article_modified_time":"2025-07-18T16:59:08+00:00","og_image":[{"width":800,"height":600,"url":"https:\/\/www.semaytextile.com\/de\/wp-content\/uploads\/triko-yikama.jpg","type":"image\/jpeg"}],"twitter_card":"summary_large_image","twitter_misc":{"Tahmini okuma s\u00fcresi":"1 dakika"},"schema":{"@context":"https:\/\/schema.org","@graph":[{"@type":"WebPage","@id":"https:\/\/www.semaytextile.com\/de\/waschen\/","url":"https:\/\/www.semaytextile.com\/de\/waschen\/","name":"Waschen - Semay Tekstil Triko","isPartOf":{"@id":"https:\/\/www.semaytextile.com\/de\/#website"},"primaryImageOfPage":{"@id":"https:\/\/www.semaytextile.com\/de\/waschen\/#primaryimage"},"image":{"@id":"https:\/\/www.semaytextile.com\/de\/waschen\/#primaryimage"},"thumbnailUrl":"https:\/\/www.semaytextile.com\/de\/wp-content\/uploads\/triko-yikama.jpg","datePublished":"2024-09-16T18:36:20+00:00","dateModified":"2025-07-18T16:59:08+00:00","description":"Sie k\u00f6nnen die Strickwaren, die wir als Semay Tekstil herstellen, noch viele Jahre lang verwenden, wenn Sie die Waschanleitung befolgen.","breadcrumb":{"@id":"https:\/\/www.semaytextile.com\/de\/waschen\/#breadcrumb"},"inLanguage":"tr","potentialAction":[{"@type":"ReadAction","target":["https:\/\/www.semaytextile.com\/de\/waschen\/"]}]},{"@type":"ImageObject","inLanguage":"tr","@id":"https:\/\/www.semaytextile.com\/de\/waschen\/#primaryimage","url":"https:\/\/www.semaytextile.com\/de\/wp-content\/uploads\/triko-yikama.jpg","contentUrl":"https:\/\/www.semaytextile.com\/de\/wp-content\/uploads\/triko-yikama.jpg","width":800,"height":600,"caption":"Waschen, Halbtextilw\u00e4sche, Pullover, Strickjacke, Bluse, Weste, Pullover, Strumpfhose, Handschuhe, Baskenm\u00fctze, Schal, Tuch, Socken, Jacke,"},{"@type":"BreadcrumbList","@id":"https:\/\/www.semaytextile.com\/de\/waschen\/#breadcrumb","itemListElement":[{"@type":"ListItem","position":1,"name":"Anasayfa","item":"https:\/\/www.semaytextile.com\/de\/"},{"@type":"ListItem","position":2,"name":"Waschen"}]},{"@type":"WebSite","@id":"https:\/\/www.semaytextile.com\/de\/#website","url":"https:\/\/www.semaytextile.com\/de\/","name":"Semay Tekstil Triko","description":"","potentialAction":[{"@type":"SearchAction","target":{"@type":"EntryPoint","urlTemplate":"https:\/\/www.semaytextile.com\/de\/?s={search_term_string}"},"query-input":{"@type":"PropertyValueSpecification","valueRequired":true,"valueName":"search_term_string"}}],"inLanguage":"tr"}]}},"_links":{"self":[{"href":"https:\/\/www.semaytextile.com\/de\/wp-json\/wp\/v2\/pages\/316","targetHints":{"allow":["GET"]}}],"collection":[{"href":"https:\/\/www.semaytextile.com\/de\/wp-json\/wp\/v2\/pages"}],"about":[{"href":"https:\/\/www.semaytextile.com\/de\/wp-json\/wp\/v2\/types\/page"}],"author":[{"embeddable":true,"href":"https:\/\/www.semaytextile.com\/de\/wp-json\/wp\/v2\/users\/1"}],"replies":[{"embeddable":true,"href":"https:\/\/www.semaytextile.com\/de\/wp-json\/wp\/v2\/comments?post=316"}],"version-history":[{"count":3,"href":"https:\/\/www.semaytextile.com\/de\/wp-json\/wp\/v2\/pages\/316\/revisions"}],"predecessor-version":[{"id":760,"href":"https:\/\/www.semaytextile.com\/de\/wp-json\/wp\/v2\/pages\/316\/revisions\/760"}],"wp:featuredmedia":[{"embeddable":true,"href":"https:\/\/www.semaytextile.com\/de\/wp-json\/wp\/v2\/media\/265"}],"wp:attachment":[{"href":"https:\/\/www.semaytextile.com\/de\/wp-json\/wp\/v2\/media?parent=316"}],"wp:term":[{"taxonomy":"post_tag","embeddable":true,"href":"https:\/\/www.semaytextile.com\/de\/wp-json\/wp\/v2\/tags?post=316"}],"curies":[{"name":"wp","href":"https:\/\/api.w.org\/{rel}","templated":true}]}}