{"id":373,"date":"2024-09-16T22:25:12","date_gmt":"2024-09-16T19:25:12","guid":{"rendered":"https:\/\/www.gulfinternationaltrade.com\/semay\/?page_id=373"},"modified":"2025-07-18T16:46:04","modified_gmt":"2025-07-18T13:46:04","slug":"kommunikation","status":"publish","type":"page","link":"https:\/\/www.semaytextile.com\/de\/kommunikation\/","title":{"rendered":"Kommunikation"},"content":{"rendered":"\n<style type=\"text\/css\" data-created_by=\"avia_inline_auto\" id=\"style-css-av-2edd0l-589778bf89fd1733100a7c994a33d97e\">\n.avia-section.av-2edd0l-589778bf89fd1733100a7c994a33d97e .av-parallax .av-parallax-inner{\nbackground-repeat:no-repeat;\nbackground-image:url(https:\/\/www.semaytextile.com\/de\/wp-content\/uploads\/arkaplan3.jpg);\nbackground-position:50% 50%;\nbackground-attachment:scroll;\n}\n<\/style>\n<div id='av_section_1'  class='avia-section av-2edd0l-589778bf89fd1733100a7c994a33d97e main_color avia-section-default avia-no-border-styling  avia-builder-el-0  el_before_av_section  avia-builder-el-first  avia-full-stretch av-parallax-section avia-bg-style-parallax container_wrap sidebar_right'  data-section-bg-repeat='stretch'><div class='av-parallax' data-avia-parallax-ratio='0.3' ><div class='av-parallax-inner main_color avia-full-stretch'><\/div><\/div><div class='container av-section-cont-open' ><main  role=\"main\" itemprop=\"mainContentOfPage\"  class='template-page content  av-content-small alpha units'><div class='post-entry post-entry-type-page post-entry-373'><div class='entry-content-wrapper clearfix'>\n\n<style type=\"text\/css\" data-created_by=\"avia_inline_auto\" id=\"style-css-av-m15e9oe4-33d47be4c5cb6a8a7da1c1dfed378c66\">\n#top .av-special-heading.av-m15e9oe4-33d47be4c5cb6a8a7da1c1dfed378c66{\npadding-bottom:10px;\ncolor:#ffffff;\nfont-size:40px;\n}\nbody .av-special-heading.av-m15e9oe4-33d47be4c5cb6a8a7da1c1dfed378c66 .av-special-heading-tag .heading-char{\nfont-size:25px;\n}\n#top #wrap_all .av-special-heading.av-m15e9oe4-33d47be4c5cb6a8a7da1c1dfed378c66 .av-special-heading-tag{\nfont-size:40px;\n}\n.av-special-heading.av-m15e9oe4-33d47be4c5cb6a8a7da1c1dfed378c66 .special-heading-inner-border{\nborder-color:#ffffff;\n}\n.av-special-heading.av-m15e9oe4-33d47be4c5cb6a8a7da1c1dfed378c66 .av-subheading{\nfont-size:15px;\n}\n\n@media only screen and (min-width: 480px) and (max-width: 767px){ \n#top #wrap_all .av-special-heading.av-m15e9oe4-33d47be4c5cb6a8a7da1c1dfed378c66 .av-special-heading-tag{\nfont-size:0.8em;\n}\n}\n\n@media only screen and (max-width: 479px){ \n#top #wrap_all .av-special-heading.av-m15e9oe4-33d47be4c5cb6a8a7da1c1dfed378c66 .av-special-heading-tag{\nfont-size:0.8em;\n}\n}\n<\/style>\n<div  class='av-special-heading av-m15e9oe4-33d47be4c5cb6a8a7da1c1dfed378c66 av-special-heading-h3 custom-color-heading blockquote modern-quote modern-centered  avia-builder-el-1  avia-builder-el-no-sibling  av-inherit-size'><h3 class='av-special-heading-tag '  itemprop=\"headline\"  >KOMMUNIKATION<\/h3><div class=\"special-heading-border\"><div class=\"special-heading-inner-border\"><\/div><\/div><\/div>\n<\/div><\/div><\/main><!-- close content main element --><\/div><\/div><div id='av_section_2'  class='avia-section av-2d82wl-84a23d55d7c027f258b7b0bb4aec21cc main_color avia-section-default avia-no-border-styling  avia-builder-el-2  el_after_av_section  avia-builder-el-last  avia-bg-style-scroll container_wrap sidebar_right'  ><div class='container av-section-cont-open' ><div class='template-page content  av-content-small alpha units'><div class='post-entry post-entry-type-page post-entry-373'><div class='entry-content-wrapper clearfix'>\n\n<style type=\"text\/css\" data-created_by=\"avia_inline_auto\" id=\"style-css-av-2b45vp-38e73b88b7f75d2d3a0d1fb8c7fc0635\">\n#top .av-special-heading.av-2b45vp-38e73b88b7f75d2d3a0d1fb8c7fc0635{\npadding-bottom:10px;\nfont-size:40px;\n}\nbody .av-special-heading.av-2b45vp-38e73b88b7f75d2d3a0d1fb8c7fc0635 .av-special-heading-tag .heading-char{\nfont-size:25px;\n}\n#top #wrap_all .av-special-heading.av-2b45vp-38e73b88b7f75d2d3a0d1fb8c7fc0635 .av-special-heading-tag{\nfont-size:40px;\n}\n.av-special-heading.av-2b45vp-38e73b88b7f75d2d3a0d1fb8c7fc0635 .av-subheading{\nfont-size:15px;\n}\n\n@media only screen and (min-width: 480px) and (max-width: 767px){ \n#top #wrap_all .av-special-heading.av-2b45vp-38e73b88b7f75d2d3a0d1fb8c7fc0635 .av-special-heading-tag{\nfont-size:0.8em;\n}\n}\n\n@media only screen and (max-width: 479px){ \n#top #wrap_all .av-special-heading.av-2b45vp-38e73b88b7f75d2d3a0d1fb8c7fc0635 .av-special-heading-tag{\nfont-size:0.8em;\n}\n}\n<\/style>\n<div  class='av-special-heading av-2b45vp-38e73b88b7f75d2d3a0d1fb8c7fc0635 av-special-heading-h3 blockquote modern-quote  avia-builder-el-3  el_before_av_hr  avia-builder-el-first  av-inherit-size'><h3 class='av-special-heading-tag '  itemprop=\"headline\"  >Kommunikation<\/h3><div class=\"special-heading-border\"><div class=\"special-heading-inner-border\"><\/div><\/div><\/div>\n\n<style type=\"text\/css\" data-created_by=\"avia_inline_auto\" id=\"style-css-av-22iood-94e4d8d2c327324ddaea3d6427e8e4ad\">\n#top .hr.hr-invisible.av-22iood-94e4d8d2c327324ddaea3d6427e8e4ad{\nheight:60px;\n}\n<\/style>\n<div  class='hr av-22iood-94e4d8d2c327324ddaea3d6427e8e4ad hr-invisible  avia-builder-el-4  el_after_av_heading  el_before_av_one_half '><span class='hr-inner '><span class=\"hr-inner-style\"><\/span><\/span><\/div>\n<div  class='flex_column av-6zgr9-4f3bf7fd3eca44e93f07e274d1bec023 av_one_half  avia-builder-el-5  el_after_av_hr  el_before_av_one_half  first flex_column_div  '     ><style type=\"text\/css\" data-created_by=\"avia_inline_auto\" id=\"style-css-av-1phpyl-418cde01bffcd43722365c1ba94348be\">\n#top .avia-icon-list-container.av-1phpyl-418cde01bffcd43722365c1ba94348be .iconlist_icon{\ncolor:#000000;\nfont-size:15px;\n}\n#top #wrap_all .avia-icon-list-container.av-1phpyl-418cde01bffcd43722365c1ba94348be .av_iconlist_title{\nfont-size:15px;\ncolor:#000000;\n}\n.avia-icon-list-container.av-1phpyl-418cde01bffcd43722365c1ba94348be .iconlist_content{\nfont-size:15px;\ncolor:#000000;\n}\n<\/style>\n<div  class='avia-icon-list-container av-1phpyl-418cde01bffcd43722365c1ba94348be  avia-builder-el-6  avia-builder-el-no-sibling '><ul class='avia-icon-list avia_animate_when_almost_visible avia-icon-list-left av-iconlist-small av-1phpyl-418cde01bffcd43722365c1ba94348be avia-iconlist-animate'>\n<li><div class='iconlist_icon av-1im22d-758b9bfb7e1c68e65edfe434b45a6684 avia-font-entypo-fontello'><span class='iconlist-char' aria-hidden='true' data-av_icon='\ue842' data-av_iconfont='entypo-fontello'><\/span><\/div><article class=\"article-icon-entry \"  itemscope=\"itemscope\" itemtype=\"https:\/\/schema.org\/CreativeWork\" ><div class=\"iconlist_content_wrap\"><header class=\"entry-content-header\" aria-label=\"Icon: Adresse\"><div class='av_iconlist_title iconlist_title_small  av_inherit_color'  itemprop=\"headline\" >Adresse<\/div><\/header><div class='iconlist_content av_inherit_color'  itemprop=\"text\" ><p>Orta Mah. \u0130brahim A\u011fa Cad. \u00c7i\u00e7ek \u0130\u015f Han\u0131 No: 3 K: 1-2 No:6-8 Bayrampa\u015fa &#8211; \u0130STANBUL<\/p>\n<\/div><\/div><footer class=\"entry-footer\"><\/footer><\/article><div class=\"iconlist-timeline\"><\/div><\/li>\n<li><div class='iconlist_icon av-1cfarx-cfc28785553d16f170447650133572e5 avia-font-entypo-fontello'><span class='iconlist-char' aria-hidden='true' data-av_icon='\ue854' data-av_iconfont='entypo-fontello'><\/span><\/div><article class=\"article-icon-entry \"  itemscope=\"itemscope\" itemtype=\"https:\/\/schema.org\/CreativeWork\" ><div class=\"iconlist_content_wrap\"><header class=\"entry-content-header\" aria-label=\"Icon: Tel\"><div class='av_iconlist_title iconlist_title_small  av_inherit_color'  itemprop=\"headline\" >Tel<\/div><\/header><div class='iconlist_content av_inherit_color'  itemprop=\"text\" ><p><a href=\"tel:\/\/+902125673060\">+90 212 567 30 60<\/a><\/p>\n<\/div><\/div><footer class=\"entry-footer\"><\/footer><\/article><div class=\"iconlist-timeline\"><\/div><\/li>\n<li><div class='iconlist_icon av-1azkw5-28aa2d9018b3c4c3d3b9daf6e20c3978 avia-font-entypo-fontello'><span class='iconlist-char' aria-hidden='true' data-av_icon='\ue854' data-av_iconfont='entypo-fontello'><\/span><\/div><article class=\"article-icon-entry \"  itemscope=\"itemscope\" itemtype=\"https:\/\/schema.org\/CreativeWork\" ><div class=\"iconlist_content_wrap\"><header class=\"entry-content-header\" aria-label=\"Icon: Gsm\"><div class='av_iconlist_title iconlist_title_small  av_inherit_color'  itemprop=\"headline\" >Gsm<\/div><\/header><div class='iconlist_content av_inherit_color'  itemprop=\"text\" ><p><a href=\"tel:\/\/+905325721528\">+90 532 572 15 28<\/a><\/p>\n<\/div><\/div><footer class=\"entry-footer\"><\/footer><\/article><div class=\"iconlist-timeline\"><\/div><\/li>\n<li><div class='iconlist_icon av-13cptx-28bf0dba9236048d38009d5ad555c136 avia-font-entypo-fontello'><span class='iconlist-char' aria-hidden='true' data-av_icon='\ue854' data-av_iconfont='entypo-fontello'><\/span><\/div><article class=\"article-icon-entry \"  itemscope=\"itemscope\" itemtype=\"https:\/\/schema.org\/CreativeWork\" ><div class=\"iconlist_content_wrap\"><header class=\"entry-content-header\" aria-label=\"Icon: Gsm\"><div class='av_iconlist_title iconlist_title_small  av_inherit_color'  itemprop=\"headline\" >Gsm<\/div><\/header><div class='iconlist_content av_inherit_color'  itemprop=\"text\" ><p><a href=\"tel:\/\/+905325721528\">+90 532 572 15 28<\/a> <strong>(Kundenvertreter im Ausland)<\/strong><\/p>\n<\/div><\/div><footer class=\"entry-footer\"><\/footer><\/article><div class=\"iconlist-timeline\"><\/div><\/li>\n<li><div class='iconlist_icon av-zadb9-c3e10af6fd189cc43004338fe2a65423 avia-font-entypo-fontello'><span class='iconlist-char' aria-hidden='true' data-av_icon='\uf232' data-av_iconfont='entypo-fontello'><\/span><\/div><article class=\"article-icon-entry \"  itemscope=\"itemscope\" itemtype=\"https:\/\/schema.org\/CreativeWork\" ><div class=\"iconlist_content_wrap\"><header class=\"entry-content-header\" aria-label=\"Icon: Whatsapp\"><div class='av_iconlist_title iconlist_title_small  av_inherit_color'  itemprop=\"headline\" >Whatsapp<\/div><\/header><div class='iconlist_content av_inherit_color'  itemprop=\"text\" ><p><a href=\"https:\/\/wa.me\/+905325721528\">+90 532 572 15 28<\/a><\/p>\n<\/div><\/div><footer class=\"entry-footer\"><\/footer><\/article><div class=\"iconlist-timeline\"><\/div><\/li>\n<li><div class='iconlist_icon av-pd0cd-f4fb9bfb655f6b0e887368e01b57c80a avia-font-entypo-fontello'><span class='iconlist-char' aria-hidden='true' data-av_icon='\ue805' data-av_iconfont='entypo-fontello'><\/span><\/div><article class=\"article-icon-entry \"  itemscope=\"itemscope\" itemtype=\"https:\/\/schema.org\/CreativeWork\" ><div class=\"iconlist_content_wrap\"><header class=\"entry-content-header\" aria-label=\"Icon: E-Mail\"><div class='av_iconlist_title iconlist_title_small  av_inherit_color'  itemprop=\"headline\" >E-Mail<\/div><\/header><div class='iconlist_content av_inherit_color'  itemprop=\"text\" ><p>info@semaytekstil.com<\/p>\n<\/div><\/div><footer class=\"entry-footer\"><\/footer><\/article><div class=\"iconlist-timeline\"><\/div><\/li>\n<li><div class='iconlist_icon av-lrqsl-6edc3aa624a6d3f7aa96bcf9597af617 avia-font-entypo-fontello'><span class='iconlist-char' aria-hidden='true' data-av_icon='\ue8b1' data-av_iconfont='entypo-fontello'><\/span><\/div><article class=\"article-icon-entry \"  itemscope=\"itemscope\" itemtype=\"https:\/\/schema.org\/CreativeWork\" ><div class=\"iconlist_content_wrap\"><header class=\"entry-content-header\" aria-label=\"Icon: Web\"><div class='av_iconlist_title iconlist_title_small  av_inherit_color'  itemprop=\"headline\" >Web<\/div><\/header><div class='iconlist_content av_inherit_color'  itemprop=\"text\" ><p>www.semaytekstil.com<\/p>\n<\/div><\/div><footer class=\"entry-footer\"><\/footer><\/article><div class=\"iconlist-timeline\"><\/div><\/li>\n<\/ul><\/div><\/div><div  class='flex_column av-e8hd1-8a38ffd036cd6875530d0de014454ff9 av_one_half  avia-builder-el-7  el_after_av_one_half  avia-builder-el-last  flex_column_div  '     ><section  class='av_textblock_section av-11qb9-05386ca299fbb8bd9d32d684e7d42858 '   itemscope=\"itemscope\" itemtype=\"https:\/\/schema.org\/CreativeWork\" ><div class='avia_textblock'  itemprop=\"text\" ><p><iframe loading=\"lazy\" style=\"border: 0;\" src=\"https:\/\/www.google.com\/maps\/embed?pb=!1m18!1m12!1m3!1d3009.7550061141146!2d28.91404127494517!3d41.03061561805097!2m3!1f0!2f0!3f0!3m2!1i1024!2i768!4f13.1!3m3!1m2!1s0x14cabb1bade5c20b%3A0x7dcc94319e805da7!2sSemay%20Tekstil%20Triko!5e0!3m2!1str!2str!4v1729240157713!5m2!1str!2str\" width=\"100%\" height=\"450px\" allowfullscreen=\"allowfullscreen\"><\/iframe><\/p>\n<\/div><\/section><\/div><\/div><\/div><\/div><!-- close content main div --><\/div><\/div><div id='after_section_2'  class='main_color av_default_container_wrap container_wrap sidebar_right'  ><div class='container av-section-cont-open' ><div class='template-page content  av-content-small alpha units'><div class='post-entry post-entry-type-page post-entry-373'><div class='entry-content-wrapper clearfix'><\/p>\n","protected":false},"excerpt":{"rendered":"","protected":false},"author":1,"featured_media":285,"parent":0,"menu_order":0,"comment_status":"closed","ping_status":"closed","template":"","meta":{"footnotes":""},"tags":[248,246,264,247,249,241,244,261,242,262,255,240,238,245,239,243,250,237,251,263,259,256,258,252,254,253,260,266,257,265],"class_list":["post-373","page","type-page","status-publish","has-post-thumbnail","hentry","tag-damenpullover","tag-damenstrickjacken","tag-damenstrickmodelle","tag-damenstrickwaren","tag-damenwesten","tag-herrenpullover","tag-herrenstrickjacken","tag-herrenstrickmodelle","tag-herrenstrickwaren","tag-herrenwesten","tag-hutherstellung","tag-kinderpullover","tag-kinderstrickjacken","tag-kinderstrickmodelle","tag-kinderstrickwaren","tag-kinderwesten","tag-pulloverherstellung","tag-schalherstellung","tag-semay-textile","tag-strickjackenherstellung","tag-strickwarenfabrik-in-der-turkei","tag-strickwarengeschaft","tag-strickwarenhersteller-in-der-turkei","tag-strickwarenherstellung","tag-strickwarenherstellungsunternehmen","tag-strickwarenproduktion","tag-strickwarenproduktion-in-der-turkiye","tag-strickwarenunternehmen-in-der-turkei","tag-strickwarenwerkstatt-in-der-turkei","tag-westenherstellung"],"yoast_head":"<!-- This site is optimized with the Yoast SEO plugin v23.4 - https:\/\/yoast.com\/wordpress\/plugins\/seo\/ -->\n<title>Kommunikation - Semay Tekstil Triko<\/title>\n<meta name=\"description\" content=\"Semay Textile Kontaktinformationen, Strickwaren Kontakt, Strickwarenherstellung Kontakt, Strickwarenhersteller Kontakt, Pulloverherstellung Kontakt, Strickjackenherstellung,\" \/>\n<meta name=\"robots\" content=\"index, follow, max-snippet:-1, max-image-preview:large, max-video-preview:-1\" \/>\n<link rel=\"canonical\" href=\"https:\/\/www.semaytextile.com\/de\/kommunikation\/\" \/>\n<meta property=\"og:locale\" content=\"tr_TR\" \/>\n<meta property=\"og:type\" content=\"article\" \/>\n<meta property=\"og:title\" content=\"Kommunikation - Semay Tekstil Triko\" \/>\n<meta property=\"og:description\" content=\"Semay Textile Kontaktinformationen, Strickwaren Kontakt, Strickwarenherstellung Kontakt, Strickwarenhersteller Kontakt, Pulloverherstellung Kontakt, Strickjackenherstellung,\" \/>\n<meta property=\"og:url\" content=\"https:\/\/www.semaytextile.com\/de\/kommunikation\/\" \/>\n<meta property=\"og:site_name\" content=\"Semay Tekstil Triko\" \/>\n<meta property=\"article:modified_time\" content=\"2025-07-18T13:46:04+00:00\" \/>\n<meta property=\"og:image\" content=\"https:\/\/www.semaytextile.com\/de\/wp-content\/uploads\/uretim.jpg\" \/>\n\t<meta property=\"og:image:width\" content=\"800\" \/>\n\t<meta property=\"og:image:height\" content=\"600\" \/>\n\t<meta property=\"og:image:type\" content=\"image\/jpeg\" \/>\n<meta name=\"twitter:card\" content=\"summary_large_image\" \/>\n<meta name=\"twitter:label1\" content=\"Tahmini okuma s\u00fcresi\" \/>\n\t<meta name=\"twitter:data1\" content=\"1 dakika\" \/>\n<script type=\"application\/ld+json\" class=\"yoast-schema-graph\">{\"@context\":\"https:\/\/schema.org\",\"@graph\":[{\"@type\":\"WebPage\",\"@id\":\"https:\/\/www.semaytextile.com\/de\/kommunikation\/\",\"url\":\"https:\/\/www.semaytextile.com\/de\/kommunikation\/\",\"name\":\"Kommunikation - Semay Tekstil Triko\",\"isPartOf\":{\"@id\":\"https:\/\/www.semaytextile.com\/de\/#website\"},\"primaryImageOfPage\":{\"@id\":\"https:\/\/www.semaytextile.com\/de\/kommunikation\/#primaryimage\"},\"image\":{\"@id\":\"https:\/\/www.semaytextile.com\/de\/kommunikation\/#primaryimage\"},\"thumbnailUrl\":\"https:\/\/www.semaytextile.com\/de\/wp-content\/uploads\/uretim.jpg\",\"datePublished\":\"2024-09-16T19:25:12+00:00\",\"dateModified\":\"2025-07-18T13:46:04+00:00\",\"description\":\"Semay Textile Kontaktinformationen, Strickwaren Kontakt, Strickwarenherstellung Kontakt, Strickwarenhersteller Kontakt, Pulloverherstellung Kontakt, Strickjackenherstellung,\",\"breadcrumb\":{\"@id\":\"https:\/\/www.semaytextile.com\/de\/kommunikation\/#breadcrumb\"},\"inLanguage\":\"tr\",\"potentialAction\":[{\"@type\":\"ReadAction\",\"target\":[\"https:\/\/www.semaytextile.com\/de\/kommunikation\/\"]}]},{\"@type\":\"ImageObject\",\"inLanguage\":\"tr\",\"@id\":\"https:\/\/www.semaytextile.com\/de\/kommunikation\/#primaryimage\",\"url\":\"https:\/\/www.semaytextile.com\/de\/wp-content\/uploads\/uretim.jpg\",\"contentUrl\":\"https:\/\/www.semaytextile.com\/de\/wp-content\/uploads\/uretim.jpg\",\"width\":800,\"height\":600,\"caption\":\"Pullover, Strickjacke, Bluse, Weste, Pullover, Leggings, Handschuhe, Beanie, Schal, Tuch, Socken, Jacke\"},{\"@type\":\"BreadcrumbList\",\"@id\":\"https:\/\/www.semaytextile.com\/de\/kommunikation\/#breadcrumb\",\"itemListElement\":[{\"@type\":\"ListItem\",\"position\":1,\"name\":\"Anasayfa\",\"item\":\"https:\/\/www.semaytextile.com\/de\/\"},{\"@type\":\"ListItem\",\"position\":2,\"name\":\"Kommunikation\"}]},{\"@type\":\"WebSite\",\"@id\":\"https:\/\/www.semaytextile.com\/de\/#website\",\"url\":\"https:\/\/www.semaytextile.com\/de\/\",\"name\":\"Semay Tekstil Triko\",\"description\":\"\",\"potentialAction\":[{\"@type\":\"SearchAction\",\"target\":{\"@type\":\"EntryPoint\",\"urlTemplate\":\"https:\/\/www.semaytextile.com\/de\/?s={search_term_string}\"},\"query-input\":{\"@type\":\"PropertyValueSpecification\",\"valueRequired\":true,\"valueName\":\"search_term_string\"}}],\"inLanguage\":\"tr\"}]}<\/script>\n<!-- \/ Yoast SEO plugin. -->","yoast_head_json":{"title":"Kommunikation - Semay Tekstil Triko","description":"Semay Textile Kontaktinformationen, Strickwaren Kontakt, Strickwarenherstellung Kontakt, Strickwarenhersteller Kontakt, Pulloverherstellung Kontakt, Strickjackenherstellung,","robots":{"index":"index","follow":"follow","max-snippet":"max-snippet:-1","max-image-preview":"max-image-preview:large","max-video-preview":"max-video-preview:-1"},"canonical":"https:\/\/www.semaytextile.com\/de\/kommunikation\/","og_locale":"tr_TR","og_type":"article","og_title":"Kommunikation - Semay Tekstil Triko","og_description":"Semay Textile Kontaktinformationen, Strickwaren Kontakt, Strickwarenherstellung Kontakt, Strickwarenhersteller Kontakt, Pulloverherstellung Kontakt, Strickjackenherstellung,","og_url":"https:\/\/www.semaytextile.com\/de\/kommunikation\/","og_site_name":"Semay Tekstil Triko","article_modified_time":"2025-07-18T13:46:04+00:00","og_image":[{"width":800,"height":600,"url":"https:\/\/www.semaytextile.com\/de\/wp-content\/uploads\/uretim.jpg","type":"image\/jpeg"}],"twitter_card":"summary_large_image","twitter_misc":{"Tahmini okuma s\u00fcresi":"1 dakika"},"schema":{"@context":"https:\/\/schema.org","@graph":[{"@type":"WebPage","@id":"https:\/\/www.semaytextile.com\/de\/kommunikation\/","url":"https:\/\/www.semaytextile.com\/de\/kommunikation\/","name":"Kommunikation - Semay Tekstil Triko","isPartOf":{"@id":"https:\/\/www.semaytextile.com\/de\/#website"},"primaryImageOfPage":{"@id":"https:\/\/www.semaytextile.com\/de\/kommunikation\/#primaryimage"},"image":{"@id":"https:\/\/www.semaytextile.com\/de\/kommunikation\/#primaryimage"},"thumbnailUrl":"https:\/\/www.semaytextile.com\/de\/wp-content\/uploads\/uretim.jpg","datePublished":"2024-09-16T19:25:12+00:00","dateModified":"2025-07-18T13:46:04+00:00","description":"Semay Textile Kontaktinformationen, Strickwaren Kontakt, Strickwarenherstellung Kontakt, Strickwarenhersteller Kontakt, Pulloverherstellung Kontakt, Strickjackenherstellung,","breadcrumb":{"@id":"https:\/\/www.semaytextile.com\/de\/kommunikation\/#breadcrumb"},"inLanguage":"tr","potentialAction":[{"@type":"ReadAction","target":["https:\/\/www.semaytextile.com\/de\/kommunikation\/"]}]},{"@type":"ImageObject","inLanguage":"tr","@id":"https:\/\/www.semaytextile.com\/de\/kommunikation\/#primaryimage","url":"https:\/\/www.semaytextile.com\/de\/wp-content\/uploads\/uretim.jpg","contentUrl":"https:\/\/www.semaytextile.com\/de\/wp-content\/uploads\/uretim.jpg","width":800,"height":600,"caption":"Pullover, Strickjacke, Bluse, Weste, Pullover, Leggings, Handschuhe, Beanie, Schal, Tuch, Socken, Jacke"},{"@type":"BreadcrumbList","@id":"https:\/\/www.semaytextile.com\/de\/kommunikation\/#breadcrumb","itemListElement":[{"@type":"ListItem","position":1,"name":"Anasayfa","item":"https:\/\/www.semaytextile.com\/de\/"},{"@type":"ListItem","position":2,"name":"Kommunikation"}]},{"@type":"WebSite","@id":"https:\/\/www.semaytextile.com\/de\/#website","url":"https:\/\/www.semaytextile.com\/de\/","name":"Semay Tekstil Triko","description":"","potentialAction":[{"@type":"SearchAction","target":{"@type":"EntryPoint","urlTemplate":"https:\/\/www.semaytextile.com\/de\/?s={search_term_string}"},"query-input":{"@type":"PropertyValueSpecification","valueRequired":true,"valueName":"search_term_string"}}],"inLanguage":"tr"}]}},"_links":{"self":[{"href":"https:\/\/www.semaytextile.com\/de\/wp-json\/wp\/v2\/pages\/373","targetHints":{"allow":["GET"]}}],"collection":[{"href":"https:\/\/www.semaytextile.com\/de\/wp-json\/wp\/v2\/pages"}],"about":[{"href":"https:\/\/www.semaytextile.com\/de\/wp-json\/wp\/v2\/types\/page"}],"author":[{"embeddable":true,"href":"https:\/\/www.semaytextile.com\/de\/wp-json\/wp\/v2\/users\/1"}],"replies":[{"embeddable":true,"href":"https:\/\/www.semaytextile.com\/de\/wp-json\/wp\/v2\/comments?post=373"}],"version-history":[{"count":7,"href":"https:\/\/www.semaytextile.com\/de\/wp-json\/wp\/v2\/pages\/373\/revisions"}],"predecessor-version":[{"id":715,"href":"https:\/\/www.semaytextile.com\/de\/wp-json\/wp\/v2\/pages\/373\/revisions\/715"}],"wp:featuredmedia":[{"embeddable":true,"href":"https:\/\/www.semaytextile.com\/de\/wp-json\/wp\/v2\/media\/285"}],"wp:attachment":[{"href":"https:\/\/www.semaytextile.com\/de\/wp-json\/wp\/v2\/media?parent=373"}],"wp:term":[{"taxonomy":"post_tag","embeddable":true,"href":"https:\/\/www.semaytextile.com\/de\/wp-json\/wp\/v2\/tags?post=373"}],"curies":[{"name":"wp","href":"https:\/\/api.w.org\/{rel}","templated":true}]}}