{"id":542,"date":"2024-10-12T01:24:42","date_gmt":"2024-10-11T22:24:42","guid":{"rendered":"https:\/\/www.gulfinternationaltrade.com\/semay\/?page_id=542"},"modified":"2025-07-18T16:26:27","modified_gmt":"2025-07-18T13:26:27","slug":"weben-stricken","status":"publish","type":"page","link":"https:\/\/www.semaytextile.com\/de\/weben-stricken\/","title":{"rendered":"Weben &#8211; Stricken"},"content":{"rendered":"\n<style type=\"text\/css\" data-created_by=\"avia_inline_auto\" id=\"style-css-av-ylg2e-e94bfdfd5a4329ec2d26a6c5a2cb84ae\">\n.avia-section.av-ylg2e-e94bfdfd5a4329ec2d26a6c5a2cb84ae .av-parallax .av-parallax-inner{\nbackground-repeat:no-repeat;\nbackground-image:url(https:\/\/www.semaytextile.com\/de\/wp-content\/uploads\/arkaplan3.jpg);\nbackground-position:50% 50%;\nbackground-attachment:scroll;\n}\n<\/style>\n<div id='av_section_1'  class='avia-section av-ylg2e-e94bfdfd5a4329ec2d26a6c5a2cb84ae main_color avia-section-default avia-no-border-styling  avia-builder-el-0  el_before_av_section  avia-builder-el-first  avia-full-stretch av-parallax-section avia-bg-style-parallax container_wrap sidebar_right'  data-section-bg-repeat='stretch'><div class='av-parallax' data-avia-parallax-ratio='0.3' ><div class='av-parallax-inner main_color avia-full-stretch'><\/div><\/div><div class='container av-section-cont-open' ><main  role=\"main\" itemprop=\"mainContentOfPage\"  class='template-page content  av-content-small alpha units'><div class='post-entry post-entry-type-page post-entry-542'><div class='entry-content-wrapper clearfix'>\n\n<style type=\"text\/css\" data-created_by=\"avia_inline_auto\" id=\"style-css-av-m25alp6m-e3b4a0641f8bb0dde90417517805911d\">\n#top .av-special-heading.av-m25alp6m-e3b4a0641f8bb0dde90417517805911d{\npadding-bottom:10px;\ncolor:#ffffff;\nfont-size:40px;\n}\nbody .av-special-heading.av-m25alp6m-e3b4a0641f8bb0dde90417517805911d .av-special-heading-tag .heading-char{\nfont-size:25px;\n}\n#top #wrap_all .av-special-heading.av-m25alp6m-e3b4a0641f8bb0dde90417517805911d .av-special-heading-tag{\nfont-size:40px;\n}\n.av-special-heading.av-m25alp6m-e3b4a0641f8bb0dde90417517805911d .special-heading-inner-border{\nborder-color:#ffffff;\n}\n.av-special-heading.av-m25alp6m-e3b4a0641f8bb0dde90417517805911d .av-subheading{\nfont-size:15px;\n}\n\n@media only screen and (min-width: 480px) and (max-width: 767px){ \n#top #wrap_all .av-special-heading.av-m25alp6m-e3b4a0641f8bb0dde90417517805911d .av-special-heading-tag{\nfont-size:0.8em;\n}\n}\n\n@media only screen and (max-width: 479px){ \n#top #wrap_all .av-special-heading.av-m25alp6m-e3b4a0641f8bb0dde90417517805911d .av-special-heading-tag{\nfont-size:0.8em;\n}\n}\n<\/style>\n<div  class='av-special-heading av-m25alp6m-e3b4a0641f8bb0dde90417517805911d av-special-heading-h3 custom-color-heading blockquote modern-quote modern-centered  avia-builder-el-1  avia-builder-el-no-sibling  av-inherit-size'><h3 class='av-special-heading-tag '  itemprop=\"headline\"  >WEBEN &#8211; STRICKEN<\/h3><div class=\"special-heading-border\"><div class=\"special-heading-inner-border\"><\/div><\/div><\/div>\n<\/div><\/div><\/main><!-- close content main element --><\/div><\/div><div id='av_section_2'  class='avia-section av-rwx46-20e302de9f5cc3c944dbe859fc6556cc main_color avia-section-default avia-no-border-styling  avia-builder-el-2  el_after_av_section  avia-builder-el-last  avia-bg-style-scroll container_wrap sidebar_right'  ><div class='container av-section-cont-open' ><div class='template-page content  av-content-small alpha units'><div class='post-entry post-entry-type-page post-entry-542'><div class='entry-content-wrapper clearfix'>\n\n<style type=\"text\/css\" data-created_by=\"avia_inline_auto\" id=\"style-css-av-m25alssi-1cb7f7fe76471e4bd6208fc8f09b92f4\">\n#top .av-special-heading.av-m25alssi-1cb7f7fe76471e4bd6208fc8f09b92f4{\npadding-bottom:10px;\nfont-size:40px;\n}\nbody .av-special-heading.av-m25alssi-1cb7f7fe76471e4bd6208fc8f09b92f4 .av-special-heading-tag .heading-char{\nfont-size:25px;\n}\n#top #wrap_all .av-special-heading.av-m25alssi-1cb7f7fe76471e4bd6208fc8f09b92f4 .av-special-heading-tag{\nfont-size:40px;\n}\n.av-special-heading.av-m25alssi-1cb7f7fe76471e4bd6208fc8f09b92f4 .av-subheading{\nfont-size:15px;\n}\n\n@media only screen and (min-width: 480px) and (max-width: 767px){ \n#top #wrap_all .av-special-heading.av-m25alssi-1cb7f7fe76471e4bd6208fc8f09b92f4 .av-special-heading-tag{\nfont-size:0.8em;\n}\n}\n\n@media only screen and (max-width: 479px){ \n#top #wrap_all .av-special-heading.av-m25alssi-1cb7f7fe76471e4bd6208fc8f09b92f4 .av-special-heading-tag{\nfont-size:0.8em;\n}\n}\n<\/style>\n<div  class='av-special-heading av-m25alssi-1cb7f7fe76471e4bd6208fc8f09b92f4 av-special-heading-h3 blockquote modern-quote  avia-builder-el-3  el_before_av_hr  avia-builder-el-first  av-inherit-size'><h3 class='av-special-heading-tag '  itemprop=\"headline\"  >Weben &#8211; Stricken<\/h3><div class=\"special-heading-border\"><div class=\"special-heading-inner-border\"><\/div><\/div><\/div>\n\n<style type=\"text\/css\" data-created_by=\"avia_inline_auto\" id=\"style-css-av-1v0ge-57a5291155c39bc89450e51d16b918c3\">\n#top .hr.hr-invisible.av-1v0ge-57a5291155c39bc89450e51d16b918c3{\nheight:30px;\n}\n<\/style>\n<div  class='hr av-1v0ge-57a5291155c39bc89450e51d16b918c3 hr-invisible  avia-builder-el-4  el_after_av_heading  el_before_av_two_fifth '><span class='hr-inner '><span class=\"hr-inner-style\"><\/span><\/span><\/div>\n<div  class='flex_column av-e8uly-6d759feda08b67d90183acb003e61085 av_two_fifth  avia-builder-el-5  el_after_av_hr  el_before_av_three_fifth  first flex_column_div  '     ><style type=\"text\/css\" data-created_by=\"avia_inline_auto\" id=\"style-css-av-m25ame9k-52cf418ad85f460d0505a0aa47cb8e98\">\n.avia-image-container.av-m25ame9k-52cf418ad85f460d0505a0aa47cb8e98 img.avia_image{\nbox-shadow:none;\n}\n.avia-image-container.av-m25ame9k-52cf418ad85f460d0505a0aa47cb8e98 .av-image-caption-overlay-center{\ncolor:#ffffff;\n}\n<\/style>\n<div  class='avia-image-container av-m25ame9k-52cf418ad85f460d0505a0aa47cb8e98 av-styling- av-img-linked avia-align-center  avia-builder-el-6  avia-builder-el-no-sibling '   itemprop=\"image\" itemscope=\"itemscope\" itemtype=\"https:\/\/schema.org\/ImageObject\" ><div class=\"avia-image-container-inner\"><div class=\"avia-image-overlay-wrap\"><a href=\"https:\/\/www.semaytextile.com\/de\/wp-content\/uploads\/konfeksiyon1.jpg\" data-srcset=\"https:\/\/www.semaytextile.com\/de\/wp-content\/uploads\/konfeksiyon1.jpg 800w, https:\/\/www.semaytextile.com\/de\/wp-content\/uploads\/konfeksiyon1-400x300.jpg 400w, https:\/\/www.semaytextile.com\/de\/wp-content\/uploads\/konfeksiyon1-768x576.jpg 768w, https:\/\/www.semaytextile.com\/de\/wp-content\/uploads\/konfeksiyon1-705x529.jpg 705w\" data-sizes=\"(max-width: 800px) 100vw, 800px\" class='avia_image '  aria-label='Semay Textile, Strickwarenstricken, Strickwarenherstellung, Strickwarenhersteller, Strickwarenproduktion, Strickwarengesch\u00e4ft in der T\u00fcrkei, Strickwarengesch\u00e4ft in Istanbul, Strickwarenfabrik in der T\u00fcrkei, Strickwarenweberei, Herstellung von Pulloverstrickwaren, Herstellung von Pulloverstrickwaren, Herstellung von Strickjackenstrickwaren, Herstellung von Westenstrickwaren, Herstellung von Schalstrickwaren, Herstellung von Baskenm\u00fctzenstrickwaren, Herstellung von Hemdenstrickwaren, Herstellung von Jackenstrickwaren, Herstellung von Handschuhenstrickwaren, Herstellung von Blusenstrickwaren, Herstellung von Sockenstrickwaren, Herstellung von Arbeitskleidung, Herstellung von Milit\u00e4runiformen,'><img decoding=\"async\" fetchpriority=\"high\" class='wp-image-60 avia-img-lazy-loading-not-60 avia_image ' src=\"https:\/\/www.semaytextile.com\/de\/wp-content\/uploads\/konfeksiyon1.jpg\" alt='Semay Textile, Strickwarenstricken, Strickwarenherstellung, Strickwarenhersteller, Strickwarenproduktion, Strickwarengesch\u00e4ft in der T\u00fcrkei, Strickwarengesch\u00e4ft in Istanbul, Strickwarenfabrik in der T\u00fcrkei, Strickwarenweberei, Herstellung von Pulloverstrickwaren, Herstellung von Pulloverstrickwaren, Herstellung von Strickjackenstrickwaren, Herstellung von Westenstrickwaren, Herstellung von Schalstrickwaren, Herstellung von Baskenm\u00fctzenstrickwaren, Herstellung von Hemdenstrickwaren, Herstellung von Jackenstrickwaren, Herstellung von Handschuhenstrickwaren, Herstellung von Blusenstrickwaren, Herstellung von Sockenstrickwaren, Herstellung von Arbeitskleidung, Herstellung von Milit\u00e4runiformen,' title='Semay Textile, Strickwarenstricken, Strickwarenherstellung, Strickwarenhersteller, Strickwarenproduktion, Strickwarengesch\u00e4ft in der T\u00fcrkei, Strickwarengesch\u00e4ft in Istanbul, Strickwarenfabrik in der T\u00fcrkei, Strickwarenweberei, Herstellung von Pulloverstrickwaren, Herstellung von Pulloverstrickwaren, Herstellung von Strickjackenstrickwaren, Herstellung von Westenstrickwaren, Herstellung von Schalstrickwaren, Herstellung von Baskenm\u00fctzenstrickwaren, Herstellung von Hemdenstrickwaren, Herstellung von Jackenstrickwaren, Herstellung von Handschuhenstrickwaren, Herstellung von Blusenstrickwaren, Herstellung von Sockenstrickwaren, Herstellung von Arbeitskleidung, Herstellung von Milit\u00e4runiformen,'  height=\"600\" width=\"800\"  itemprop=\"thumbnailUrl\" srcset=\"https:\/\/www.semaytextile.com\/de\/wp-content\/uploads\/konfeksiyon1.jpg 800w, https:\/\/www.semaytextile.com\/de\/wp-content\/uploads\/konfeksiyon1-400x300.jpg 400w, https:\/\/www.semaytextile.com\/de\/wp-content\/uploads\/konfeksiyon1-768x576.jpg 768w, https:\/\/www.semaytextile.com\/de\/wp-content\/uploads\/konfeksiyon1-705x529.jpg 705w\" sizes=\"(max-width: 800px) 100vw, 800px\" \/><\/a><\/div><\/div><\/div><\/div><div  class='flex_column av-8zcum-d45c68e3fb6e34a61b9324ac159296cc av_three_fifth  avia-builder-el-7  el_after_av_two_fifth  avia-builder-el-last  flex_column_div  '     ><style type=\"text\/css\" data-created_by=\"avia_inline_auto\" id=\"style-css-av-m25ana82-0a27c4959b401f9e38dba795076b9a55\">\n#top .av_textblock_section.av-m25ana82-0a27c4959b401f9e38dba795076b9a55 .avia_textblock{\nfont-size:15px;\ncolor:#000000;\n}\n<\/style>\n<section  class='av_textblock_section av-m25ana82-0a27c4959b401f9e38dba795076b9a55 '   itemscope=\"itemscope\" itemtype=\"https:\/\/schema.org\/CreativeWork\" ><div class='avia_textblock av_inherit_color'  itemprop=\"text\" ><p>In unserer Weberei werden aus einheimischen und importierten Garnen gestrickte Stoffe nach der Qualit\u00e4tskontrolle in der Konfektionsabteilung zusammengef\u00fcgt und gen\u00e4ht. Unser Qualit\u00e4tssicherungsteam \u00fcberwacht und inspiziert jeden Schritt des Prozesses, vom Garn bis zum Endprodukt, und stellt die fehlerfreie Einhaltung der Qualit\u00e4tsstandards sicher.<\/p>\n<p>Alle Produktionsstufen \u2013 Garnweberei, Zuschnitt, Montage, Waschen, B\u00fcgeln und Verpacken \u2013 werden durch unser Konfektionsteam koordiniert und von unseren F&amp;E- und Qualit\u00e4tskontrollteams eng \u00fcberwacht. Dieser sorgf\u00e4ltige Prozess stellt sicher, dass wir die fehlerfreien Produkte liefern, die unsere Kunden erwarten.<\/p>\n<p>Kontaktieren Sie uns gerne f\u00fcr weitere Informationen und ein Preisangebot f\u00fcr Ihre Strickwarenproduktion.<\/p>\n<\/div><\/section><\/div><\/div><\/div><\/div><!-- close content main div --><\/div><\/div><div id='after_section_2'  class='main_color av_default_container_wrap container_wrap sidebar_right'  ><div class='container av-section-cont-open' ><div class='template-page content  av-content-small alpha units'><div class='post-entry post-entry-type-page post-entry-542'><div class='entry-content-wrapper clearfix'><\/p>\n","protected":false},"excerpt":{"rendered":"","protected":false},"author":1,"featured_media":60,"parent":0,"menu_order":0,"comment_status":"closed","ping_status":"closed","template":"","meta":{"footnotes":""},"tags":[293,295,298,294,296,297,299,292],"class_list":["post-542","page","type-page","status-publish","has-post-thumbnail","hentry","tag-stricken","tag-strickwarenstricken","tag-strickwarenstrickfabrik","tag-strickwarenstrickwerkstatt","tag-strickwarenweben","tag-strickwarenweberei","tag-strickwarenwebwerkstatt","tag-weben"],"yoast_head":"<!-- This site is optimized with the Yoast SEO plugin v23.4 - https:\/\/yoast.com\/wordpress\/plugins\/seo\/ -->\n<title>Weben - Stricken - Semay Tekstil Triko<\/title>\n<meta name=\"description\" content=\"Willkommen bei Semay Tekstil f\u00fcr Ihre Web- und Strickprozesse. Bitte stellen Sie Ihre Anfrage per E-Mail, WhatsApp oder Telefon.\" \/>\n<meta name=\"robots\" content=\"index, follow, max-snippet:-1, max-image-preview:large, max-video-preview:-1\" \/>\n<link rel=\"canonical\" href=\"https:\/\/www.semaytextile.com\/de\/weben-stricken\/\" \/>\n<meta property=\"og:locale\" content=\"tr_TR\" \/>\n<meta property=\"og:type\" content=\"article\" \/>\n<meta property=\"og:title\" content=\"Weben - Stricken - Semay Tekstil Triko\" \/>\n<meta property=\"og:description\" content=\"Willkommen bei Semay Tekstil f\u00fcr Ihre Web- und Strickprozesse. Bitte stellen Sie Ihre Anfrage per E-Mail, WhatsApp oder Telefon.\" \/>\n<meta property=\"og:url\" content=\"https:\/\/www.semaytextile.com\/de\/weben-stricken\/\" \/>\n<meta property=\"og:site_name\" content=\"Semay Tekstil Triko\" \/>\n<meta property=\"article:modified_time\" content=\"2025-07-18T13:26:27+00:00\" \/>\n<meta property=\"og:image\" content=\"https:\/\/www.semaytextile.com\/de\/wp-content\/uploads\/konfeksiyon1.jpg\" \/>\n\t<meta property=\"og:image:width\" content=\"800\" \/>\n\t<meta property=\"og:image:height\" content=\"600\" \/>\n\t<meta property=\"og:image:type\" content=\"image\/jpeg\" \/>\n<meta name=\"twitter:card\" content=\"summary_large_image\" \/>\n<meta name=\"twitter:label1\" content=\"Tahmini okuma s\u00fcresi\" \/>\n\t<meta name=\"twitter:data1\" content=\"1 dakika\" \/>\n<script type=\"application\/ld+json\" class=\"yoast-schema-graph\">{\"@context\":\"https:\/\/schema.org\",\"@graph\":[{\"@type\":\"WebPage\",\"@id\":\"https:\/\/www.semaytextile.com\/de\/weben-stricken\/\",\"url\":\"https:\/\/www.semaytextile.com\/de\/weben-stricken\/\",\"name\":\"Weben - Stricken - Semay Tekstil Triko\",\"isPartOf\":{\"@id\":\"https:\/\/www.semaytextile.com\/de\/#website\"},\"primaryImageOfPage\":{\"@id\":\"https:\/\/www.semaytextile.com\/de\/weben-stricken\/#primaryimage\"},\"image\":{\"@id\":\"https:\/\/www.semaytextile.com\/de\/weben-stricken\/#primaryimage\"},\"thumbnailUrl\":\"https:\/\/www.semaytextile.com\/de\/wp-content\/uploads\/konfeksiyon1.jpg\",\"datePublished\":\"2024-10-11T22:24:42+00:00\",\"dateModified\":\"2025-07-18T13:26:27+00:00\",\"description\":\"Willkommen bei Semay Tekstil f\u00fcr Ihre Web- und Strickprozesse. Bitte stellen Sie Ihre Anfrage per E-Mail, WhatsApp oder Telefon.\",\"breadcrumb\":{\"@id\":\"https:\/\/www.semaytextile.com\/de\/weben-stricken\/#breadcrumb\"},\"inLanguage\":\"tr\",\"potentialAction\":[{\"@type\":\"ReadAction\",\"target\":[\"https:\/\/www.semaytextile.com\/de\/weben-stricken\/\"]}]},{\"@type\":\"ImageObject\",\"inLanguage\":\"tr\",\"@id\":\"https:\/\/www.semaytextile.com\/de\/weben-stricken\/#primaryimage\",\"url\":\"https:\/\/www.semaytextile.com\/de\/wp-content\/uploads\/konfeksiyon1.jpg\",\"contentUrl\":\"https:\/\/www.semaytextile.com\/de\/wp-content\/uploads\/konfeksiyon1.jpg\",\"width\":800,\"height\":600,\"caption\":\"Semay Textile, Strickwarenstricken, Strickwarenherstellung, Strickwarenhersteller, Strickwarenproduktion, Strickwarengesch\u00e4ft in der T\u00fcrkei, Strickwarengesch\u00e4ft in Istanbul, Strickwarenfabrik in der T\u00fcrkei, Strickwarenweberei, Herstellung von Pulloverstrickwaren, Herstellung von Pulloverstrickwaren, Herstellung von Strickjackenstrickwaren, Herstellung von Westenstrickwaren, Herstellung von Schalstrickwaren, Herstellung von Baskenm\u00fctzenstrickwaren, Herstellung von Hemdenstrickwaren, Herstellung von Jackenstrickwaren, Herstellung von Handschuhenstrickwaren, Herstellung von Blusenstrickwaren, Herstellung von Sockenstrickwaren, Herstellung von Arbeitskleidung, Herstellung von Milit\u00e4runiformen,\"},{\"@type\":\"BreadcrumbList\",\"@id\":\"https:\/\/www.semaytextile.com\/de\/weben-stricken\/#breadcrumb\",\"itemListElement\":[{\"@type\":\"ListItem\",\"position\":1,\"name\":\"Anasayfa\",\"item\":\"https:\/\/www.semaytextile.com\/de\/\"},{\"@type\":\"ListItem\",\"position\":2,\"name\":\"Weben &#8211; Stricken\"}]},{\"@type\":\"WebSite\",\"@id\":\"https:\/\/www.semaytextile.com\/de\/#website\",\"url\":\"https:\/\/www.semaytextile.com\/de\/\",\"name\":\"Semay Tekstil Triko\",\"description\":\"\",\"potentialAction\":[{\"@type\":\"SearchAction\",\"target\":{\"@type\":\"EntryPoint\",\"urlTemplate\":\"https:\/\/www.semaytextile.com\/de\/?s={search_term_string}\"},\"query-input\":{\"@type\":\"PropertyValueSpecification\",\"valueRequired\":true,\"valueName\":\"search_term_string\"}}],\"inLanguage\":\"tr\"}]}<\/script>\n<!-- \/ Yoast SEO plugin. -->","yoast_head_json":{"title":"Weben - Stricken - Semay Tekstil Triko","description":"Willkommen bei Semay Tekstil f\u00fcr Ihre Web- und Strickprozesse. Bitte stellen Sie Ihre Anfrage per E-Mail, WhatsApp oder Telefon.","robots":{"index":"index","follow":"follow","max-snippet":"max-snippet:-1","max-image-preview":"max-image-preview:large","max-video-preview":"max-video-preview:-1"},"canonical":"https:\/\/www.semaytextile.com\/de\/weben-stricken\/","og_locale":"tr_TR","og_type":"article","og_title":"Weben - Stricken - Semay Tekstil Triko","og_description":"Willkommen bei Semay Tekstil f\u00fcr Ihre Web- und Strickprozesse. Bitte stellen Sie Ihre Anfrage per E-Mail, WhatsApp oder Telefon.","og_url":"https:\/\/www.semaytextile.com\/de\/weben-stricken\/","og_site_name":"Semay Tekstil Triko","article_modified_time":"2025-07-18T13:26:27+00:00","og_image":[{"width":800,"height":600,"url":"https:\/\/www.semaytextile.com\/de\/wp-content\/uploads\/konfeksiyon1.jpg","type":"image\/jpeg"}],"twitter_card":"summary_large_image","twitter_misc":{"Tahmini okuma s\u00fcresi":"1 dakika"},"schema":{"@context":"https:\/\/schema.org","@graph":[{"@type":"WebPage","@id":"https:\/\/www.semaytextile.com\/de\/weben-stricken\/","url":"https:\/\/www.semaytextile.com\/de\/weben-stricken\/","name":"Weben - Stricken - Semay Tekstil Triko","isPartOf":{"@id":"https:\/\/www.semaytextile.com\/de\/#website"},"primaryImageOfPage":{"@id":"https:\/\/www.semaytextile.com\/de\/weben-stricken\/#primaryimage"},"image":{"@id":"https:\/\/www.semaytextile.com\/de\/weben-stricken\/#primaryimage"},"thumbnailUrl":"https:\/\/www.semaytextile.com\/de\/wp-content\/uploads\/konfeksiyon1.jpg","datePublished":"2024-10-11T22:24:42+00:00","dateModified":"2025-07-18T13:26:27+00:00","description":"Willkommen bei Semay Tekstil f\u00fcr Ihre Web- und Strickprozesse. Bitte stellen Sie Ihre Anfrage per E-Mail, WhatsApp oder Telefon.","breadcrumb":{"@id":"https:\/\/www.semaytextile.com\/de\/weben-stricken\/#breadcrumb"},"inLanguage":"tr","potentialAction":[{"@type":"ReadAction","target":["https:\/\/www.semaytextile.com\/de\/weben-stricken\/"]}]},{"@type":"ImageObject","inLanguage":"tr","@id":"https:\/\/www.semaytextile.com\/de\/weben-stricken\/#primaryimage","url":"https:\/\/www.semaytextile.com\/de\/wp-content\/uploads\/konfeksiyon1.jpg","contentUrl":"https:\/\/www.semaytextile.com\/de\/wp-content\/uploads\/konfeksiyon1.jpg","width":800,"height":600,"caption":"Semay Textile, Strickwarenstricken, Strickwarenherstellung, Strickwarenhersteller, Strickwarenproduktion, Strickwarengesch\u00e4ft in der T\u00fcrkei, Strickwarengesch\u00e4ft in Istanbul, Strickwarenfabrik in der T\u00fcrkei, Strickwarenweberei, Herstellung von Pulloverstrickwaren, Herstellung von Pulloverstrickwaren, Herstellung von Strickjackenstrickwaren, Herstellung von Westenstrickwaren, Herstellung von Schalstrickwaren, Herstellung von Baskenm\u00fctzenstrickwaren, Herstellung von Hemdenstrickwaren, Herstellung von Jackenstrickwaren, Herstellung von Handschuhenstrickwaren, Herstellung von Blusenstrickwaren, Herstellung von Sockenstrickwaren, Herstellung von Arbeitskleidung, Herstellung von Milit\u00e4runiformen,"},{"@type":"BreadcrumbList","@id":"https:\/\/www.semaytextile.com\/de\/weben-stricken\/#breadcrumb","itemListElement":[{"@type":"ListItem","position":1,"name":"Anasayfa","item":"https:\/\/www.semaytextile.com\/de\/"},{"@type":"ListItem","position":2,"name":"Weben &#8211; Stricken"}]},{"@type":"WebSite","@id":"https:\/\/www.semaytextile.com\/de\/#website","url":"https:\/\/www.semaytextile.com\/de\/","name":"Semay Tekstil Triko","description":"","potentialAction":[{"@type":"SearchAction","target":{"@type":"EntryPoint","urlTemplate":"https:\/\/www.semaytextile.com\/de\/?s={search_term_string}"},"query-input":{"@type":"PropertyValueSpecification","valueRequired":true,"valueName":"search_term_string"}}],"inLanguage":"tr"}]}},"_links":{"self":[{"href":"https:\/\/www.semaytextile.com\/de\/wp-json\/wp\/v2\/pages\/542","targetHints":{"allow":["GET"]}}],"collection":[{"href":"https:\/\/www.semaytextile.com\/de\/wp-json\/wp\/v2\/pages"}],"about":[{"href":"https:\/\/www.semaytextile.com\/de\/wp-json\/wp\/v2\/types\/page"}],"author":[{"embeddable":true,"href":"https:\/\/www.semaytextile.com\/de\/wp-json\/wp\/v2\/users\/1"}],"replies":[{"embeddable":true,"href":"https:\/\/www.semaytextile.com\/de\/wp-json\/wp\/v2\/comments?post=542"}],"version-history":[{"count":2,"href":"https:\/\/www.semaytextile.com\/de\/wp-json\/wp\/v2\/pages\/542\/revisions"}],"predecessor-version":[{"id":708,"href":"https:\/\/www.semaytextile.com\/de\/wp-json\/wp\/v2\/pages\/542\/revisions\/708"}],"wp:featuredmedia":[{"embeddable":true,"href":"https:\/\/www.semaytextile.com\/de\/wp-json\/wp\/v2\/media\/60"}],"wp:attachment":[{"href":"https:\/\/www.semaytextile.com\/de\/wp-json\/wp\/v2\/media?parent=542"}],"wp:term":[{"taxonomy":"post_tag","embeddable":true,"href":"https:\/\/www.semaytextile.com\/de\/wp-json\/wp\/v2\/tags?post=542"}],"curies":[{"name":"wp","href":"https:\/\/api.w.org\/{rel}","templated":true}]}}